{"id":176,"date":"2011-05-24T16:59:11","date_gmt":"2011-05-24T14:59:11","guid":{"rendered":"http:\/\/www.hahnzog.de\/organisationsberatung\/?page_id=176"},"modified":"2022-01-25T17:44:58","modified_gmt":"2022-01-25T16:44:58","slug":"dr-simon-hahnzog","status":"publish","type":"page","link":"https:\/\/www.hahnzog.de\/organisationsberatung\/hahnzog\/dr-simon-hahnzog","title":{"rendered":"Dr. Simon Hahnzog"},"content":{"rendered":"<div class=\"art-content-layout layout-item-0\">\n<div class=\"art-content-layout-row\">\n<div class=\"art-layout-cell layout-item-2\" style=\"width: 100%;\"><img loading=\"lazy\" decoding=\"async\" class=\"aligncenter wp-image-3160 size-large\" src=\"https:\/\/www.hahnzog.de\/organisationsberatung\/wp-content\/uploads\/2020\/06\/Dr.-Simon-Hahnzog-2-513x768.jpg\" alt=\"\" width=\"513\" height=\"768\" srcset=\"https:\/\/www.hahnzog.de\/organisationsberatung\/wp-content\/uploads\/2020\/06\/Dr.-Simon-Hahnzog-2-513x768.jpg 513w, https:\/\/www.hahnzog.de\/organisationsberatung\/wp-content\/uploads\/2020\/06\/Dr.-Simon-Hahnzog-2-200x300.jpg 200w, https:\/\/www.hahnzog.de\/organisationsberatung\/wp-content\/uploads\/2020\/06\/Dr.-Simon-Hahnzog-2-67x100.jpg 67w, https:\/\/www.hahnzog.de\/organisationsberatung\/wp-content\/uploads\/2020\/06\/Dr.-Simon-Hahnzog-2-1025x1536.jpg 1025w, https:\/\/www.hahnzog.de\/organisationsberatung\/wp-content\/uploads\/2020\/06\/Dr.-Simon-Hahnzog-2-1367x2048.jpg 1367w, https:\/\/www.hahnzog.de\/organisationsberatung\/wp-content\/uploads\/2020\/06\/Dr.-Simon-Hahnzog-2-scaled.jpg 1709w\" sizes=\"auto, (max-width: 513px) 100vw, 513px\" \/><\/div>\n<\/div>\n<\/div>\n<p style=\"text-align: right;\"><span style=\"color: #1673b1;\"><strong>Dr. Simon Hahnzog<\/strong><\/span><em><span style=\"color: #1673b1;\"><strong><br \/>\n<\/strong><\/span><\/em><span style=\"color: #000000;\"><sub>Psychologe<\/sub><\/span><br \/>\n<span style=\"color: #000000;\"><sub>Systemischer Coach, Supervisor und Therapeut (DGSF)<br \/>\n<\/sub><sub>Gesch\u00e4ftsf\u00fchrer der hahnzog &#8211; organisationsberatung<br \/>\n<span style=\"color: #000000;\">SOULBOXER<sup>\u00ae<\/sup> und GEMARA<sup>\u00ae<\/sup>-Wegebauer<\/span><\/sub><\/span><\/p>\n<p><span style=\"color: #000000;\">\u201eIch bin von ganzem Herzen Psychologe. Das hei\u00dft, mich fasziniert alles, was unser Verhalten so sch\u00f6n menschlich macht. Also nicht nur die St\u00e4rken und Ressourcen, sondern gerade die Schw\u00e4chen und Macken, trotz oder gerade wegen denen wir die t\u00e4glichen Herausforderungen meistern.<\/span><\/p>\n<p><span style=\"color: #000000;\">Mit dieser Begeisterung gestalte ich all meine Beratungen und Seminare und begegne den Teilnehmern dabei auf Augenh\u00f6he. Schlie\u00dflich lerne ich auch jeden Tag etwas dazu.\u201c<\/span><\/p>\n<p><span style=\"color: #000000;\">Wenn Sie mehr \u00fcber mich und meine Arbeit erfahren wollen, finden Sie ausf\u00fchrliche Informationen auf meiner Homepage<\/span> <strong><span style=\"color: #982827;\"><a style=\"color: #982827;\" href=\"http:\/\/www.simon-hahnzog.de\" target=\"_blank\" rel=\"noopener noreferrer\">www.simon-hahnzog.de<\/a><\/span><\/strong><\/p>\n<p><span style=\"color: #000000;\">Ich freue mich darauf, Sie kennenzulernen!<\/span><\/p>\n","protected":false},"excerpt":{"rendered":"<p>Dr. Simon Hahnzog Psychologe Systemischer Coach, Supervisor und Therapeut (DGSF) Gesch\u00e4ftsf\u00fchrer der hahnzog &#8211; organisationsberatung SOULBOXER\u00ae und GEMARA\u00ae-Wegebauer \u201eIch bin von ganzem Herzen Psychologe. Das hei\u00dft, mich fasziniert alles, was unser Verhalten so sch\u00f6n menschlich macht. Also nicht nur die<\/p>\n","protected":false},"author":1,"featured_media":0,"parent":27,"menu_order":2,"comment_status":"closed","ping_status":"closed","template":"","meta":{"footnotes":""},"class_list":["post-176","page","type-page","status-publish","hentry"],"yoast_head":"<!-- This site is optimized with the Yoast SEO plugin v27.6 - https:\/\/yoast.com\/product\/yoast-seo-wordpress\/ -->\n<title>Dr. Simon Hahnzog - hahnzog - organisationsberatung<\/title>\n<meta name=\"robots\" content=\"index, follow, max-snippet:-1, max-image-preview:large, max-video-preview:-1\" \/>\n<link rel=\"canonical\" href=\"https:\/\/www.hahnzog.de\/organisationsberatung\/hahnzog\/dr-simon-hahnzog\" \/>\n<meta property=\"og:locale\" content=\"de_DE\" \/>\n<meta property=\"og:type\" content=\"article\" \/>\n<meta property=\"og:title\" content=\"Dr. Simon Hahnzog - hahnzog - organisationsberatung\" \/>\n<meta property=\"og:description\" content=\"Dr. Simon Hahnzog Psychologe Systemischer Coach, Supervisor und Therapeut (DGSF) Gesch\u00e4ftsf\u00fchrer der hahnzog &#8211; organisationsberatung SOULBOXER\u00ae und GEMARA\u00ae-Wegebauer \u201eIch bin von ganzem Herzen Psychologe. Das hei\u00dft, mich fasziniert alles, was unser Verhalten so sch\u00f6n menschlich macht. Also nicht nur die\" \/>\n<meta property=\"og:url\" content=\"https:\/\/www.hahnzog.de\/organisationsberatung\/hahnzog\/dr-simon-hahnzog\" \/>\n<meta property=\"og:site_name\" content=\"hahnzog - organisationsberatung\" \/>\n<meta property=\"article:modified_time\" content=\"2022-01-25T16:44:58+00:00\" \/>\n<meta property=\"og:image\" content=\"https:\/\/www.hahnzog.de\/organisationsberatung\/wp-content\/uploads\/2020\/06\/Dr.-Simon-Hahnzog-2-513x768.jpg\" \/>\n<meta name=\"twitter:card\" content=\"summary_large_image\" \/>\n<meta name=\"twitter:label1\" content=\"Gesch\u00e4tzte Lesezeit\" \/>\n\t<meta name=\"twitter:data1\" content=\"1\u00a0Minute\" \/>\n<script type=\"application\/ld+json\" class=\"yoast-schema-graph\">{\"@context\":\"https:\\\/\\\/schema.org\",\"@graph\":[{\"@type\":\"WebPage\",\"@id\":\"https:\\\/\\\/www.hahnzog.de\\\/organisationsberatung\\\/hahnzog\\\/dr-simon-hahnzog\",\"url\":\"https:\\\/\\\/www.hahnzog.de\\\/organisationsberatung\\\/hahnzog\\\/dr-simon-hahnzog\",\"name\":\"Dr. Simon Hahnzog - hahnzog - organisationsberatung\",\"isPartOf\":{\"@id\":\"https:\\\/\\\/www.hahnzog.de\\\/organisationsberatung\\\/#website\"},\"primaryImageOfPage\":{\"@id\":\"https:\\\/\\\/www.hahnzog.de\\\/organisationsberatung\\\/hahnzog\\\/dr-simon-hahnzog#primaryimage\"},\"image\":{\"@id\":\"https:\\\/\\\/www.hahnzog.de\\\/organisationsberatung\\\/hahnzog\\\/dr-simon-hahnzog#primaryimage\"},\"thumbnailUrl\":\"https:\\\/\\\/www.hahnzog.de\\\/organisationsberatung\\\/wp-content\\\/uploads\\\/2020\\\/06\\\/Dr.-Simon-Hahnzog-2-513x768.jpg\",\"datePublished\":\"2011-05-24T14:59:11+00:00\",\"dateModified\":\"2022-01-25T16:44:58+00:00\",\"breadcrumb\":{\"@id\":\"https:\\\/\\\/www.hahnzog.de\\\/organisationsberatung\\\/hahnzog\\\/dr-simon-hahnzog#breadcrumb\"},\"inLanguage\":\"de\",\"potentialAction\":[{\"@type\":\"ReadAction\",\"target\":[\"https:\\\/\\\/www.hahnzog.de\\\/organisationsberatung\\\/hahnzog\\\/dr-simon-hahnzog\"]}]},{\"@type\":\"ImageObject\",\"inLanguage\":\"de\",\"@id\":\"https:\\\/\\\/www.hahnzog.de\\\/organisationsberatung\\\/hahnzog\\\/dr-simon-hahnzog#primaryimage\",\"url\":\"https:\\\/\\\/www.hahnzog.de\\\/organisationsberatung\\\/wp-content\\\/uploads\\\/2020\\\/06\\\/Dr.-Simon-Hahnzog-2-scaled.jpg\",\"contentUrl\":\"https:\\\/\\\/www.hahnzog.de\\\/organisationsberatung\\\/wp-content\\\/uploads\\\/2020\\\/06\\\/Dr.-Simon-Hahnzog-2-scaled.jpg\",\"width\":1709,\"height\":2560},{\"@type\":\"BreadcrumbList\",\"@id\":\"https:\\\/\\\/www.hahnzog.de\\\/organisationsberatung\\\/hahnzog\\\/dr-simon-hahnzog#breadcrumb\",\"itemListElement\":[{\"@type\":\"ListItem\",\"position\":1,\"name\":\"Startseite\",\"item\":\"https:\\\/\\\/www.hahnzog.de\\\/organisationsberatung\\\/\"},{\"@type\":\"ListItem\",\"position\":2,\"name\":\"\u00dcber hahnzog\",\"item\":\"https:\\\/\\\/www.hahnzog.de\\\/organisationsberatung\\\/hahnzog\"},{\"@type\":\"ListItem\",\"position\":3,\"name\":\"Dr. Simon Hahnzog\"}]},{\"@type\":\"WebSite\",\"@id\":\"https:\\\/\\\/www.hahnzog.de\\\/organisationsberatung\\\/#website\",\"url\":\"https:\\\/\\\/www.hahnzog.de\\\/organisationsberatung\\\/\",\"name\":\"hahnzog - organisationsberatung\",\"description\":\"Gesunde Unternehmen gestalten\",\"publisher\":{\"@id\":\"https:\\\/\\\/www.hahnzog.de\\\/organisationsberatung\\\/#organization\"},\"potentialAction\":[{\"@type\":\"SearchAction\",\"target\":{\"@type\":\"EntryPoint\",\"urlTemplate\":\"https:\\\/\\\/www.hahnzog.de\\\/organisationsberatung\\\/?s={search_term_string}\"},\"query-input\":{\"@type\":\"PropertyValueSpecification\",\"valueRequired\":true,\"valueName\":\"search_term_string\"}}],\"inLanguage\":\"de\"},{\"@type\":\"Organization\",\"@id\":\"https:\\\/\\\/www.hahnzog.de\\\/organisationsberatung\\\/#organization\",\"name\":\"hahnzog Organisationsberatung\",\"url\":\"https:\\\/\\\/www.hahnzog.de\\\/organisationsberatung\\\/\",\"logo\":{\"@type\":\"ImageObject\",\"inLanguage\":\"de\",\"@id\":\"https:\\\/\\\/www.hahnzog.de\\\/organisationsberatung\\\/#\\\/schema\\\/logo\\\/image\\\/\",\"url\":\"https:\\\/\\\/www.hahnzog.de\\\/organisationsberatung\\\/wp-content\\\/uploads\\\/2017\\\/07\\\/Logo_Hahnzog.png\",\"contentUrl\":\"https:\\\/\\\/www.hahnzog.de\\\/organisationsberatung\\\/wp-content\\\/uploads\\\/2017\\\/07\\\/Logo_Hahnzog.png\",\"width\":286,\"height\":98,\"caption\":\"hahnzog Organisationsberatung\"},\"image\":{\"@id\":\"https:\\\/\\\/www.hahnzog.de\\\/organisationsberatung\\\/#\\\/schema\\\/logo\\\/image\\\/\"}}]}<\/script>\n<!-- \/ Yoast SEO plugin. -->","yoast_head_json":{"title":"Dr. Simon Hahnzog - hahnzog - organisationsberatung","robots":{"index":"index","follow":"follow","max-snippet":"max-snippet:-1","max-image-preview":"max-image-preview:large","max-video-preview":"max-video-preview:-1"},"canonical":"https:\/\/www.hahnzog.de\/organisationsberatung\/hahnzog\/dr-simon-hahnzog","og_locale":"de_DE","og_type":"article","og_title":"Dr. Simon Hahnzog - hahnzog - organisationsberatung","og_description":"Dr. Simon Hahnzog Psychologe Systemischer Coach, Supervisor und Therapeut (DGSF) Gesch\u00e4ftsf\u00fchrer der hahnzog &#8211; organisationsberatung SOULBOXER\u00ae und GEMARA\u00ae-Wegebauer \u201eIch bin von ganzem Herzen Psychologe. Das hei\u00dft, mich fasziniert alles, was unser Verhalten so sch\u00f6n menschlich macht. Also nicht nur die","og_url":"https:\/\/www.hahnzog.de\/organisationsberatung\/hahnzog\/dr-simon-hahnzog","og_site_name":"hahnzog - organisationsberatung","article_modified_time":"2022-01-25T16:44:58+00:00","og_image":[{"url":"https:\/\/www.hahnzog.de\/organisationsberatung\/wp-content\/uploads\/2020\/06\/Dr.-Simon-Hahnzog-2-513x768.jpg","type":"","width":"","height":""}],"twitter_card":"summary_large_image","twitter_misc":{"Gesch\u00e4tzte Lesezeit":"1\u00a0Minute"},"schema":{"@context":"https:\/\/schema.org","@graph":[{"@type":"WebPage","@id":"https:\/\/www.hahnzog.de\/organisationsberatung\/hahnzog\/dr-simon-hahnzog","url":"https:\/\/www.hahnzog.de\/organisationsberatung\/hahnzog\/dr-simon-hahnzog","name":"Dr. Simon Hahnzog - hahnzog - organisationsberatung","isPartOf":{"@id":"https:\/\/www.hahnzog.de\/organisationsberatung\/#website"},"primaryImageOfPage":{"@id":"https:\/\/www.hahnzog.de\/organisationsberatung\/hahnzog\/dr-simon-hahnzog#primaryimage"},"image":{"@id":"https:\/\/www.hahnzog.de\/organisationsberatung\/hahnzog\/dr-simon-hahnzog#primaryimage"},"thumbnailUrl":"https:\/\/www.hahnzog.de\/organisationsberatung\/wp-content\/uploads\/2020\/06\/Dr.-Simon-Hahnzog-2-513x768.jpg","datePublished":"2011-05-24T14:59:11+00:00","dateModified":"2022-01-25T16:44:58+00:00","breadcrumb":{"@id":"https:\/\/www.hahnzog.de\/organisationsberatung\/hahnzog\/dr-simon-hahnzog#breadcrumb"},"inLanguage":"de","potentialAction":[{"@type":"ReadAction","target":["https:\/\/www.hahnzog.de\/organisationsberatung\/hahnzog\/dr-simon-hahnzog"]}]},{"@type":"ImageObject","inLanguage":"de","@id":"https:\/\/www.hahnzog.de\/organisationsberatung\/hahnzog\/dr-simon-hahnzog#primaryimage","url":"https:\/\/www.hahnzog.de\/organisationsberatung\/wp-content\/uploads\/2020\/06\/Dr.-Simon-Hahnzog-2-scaled.jpg","contentUrl":"https:\/\/www.hahnzog.de\/organisationsberatung\/wp-content\/uploads\/2020\/06\/Dr.-Simon-Hahnzog-2-scaled.jpg","width":1709,"height":2560},{"@type":"BreadcrumbList","@id":"https:\/\/www.hahnzog.de\/organisationsberatung\/hahnzog\/dr-simon-hahnzog#breadcrumb","itemListElement":[{"@type":"ListItem","position":1,"name":"Startseite","item":"https:\/\/www.hahnzog.de\/organisationsberatung\/"},{"@type":"ListItem","position":2,"name":"\u00dcber hahnzog","item":"https:\/\/www.hahnzog.de\/organisationsberatung\/hahnzog"},{"@type":"ListItem","position":3,"name":"Dr. Simon Hahnzog"}]},{"@type":"WebSite","@id":"https:\/\/www.hahnzog.de\/organisationsberatung\/#website","url":"https:\/\/www.hahnzog.de\/organisationsberatung\/","name":"hahnzog - organisationsberatung","description":"Gesunde Unternehmen gestalten","publisher":{"@id":"https:\/\/www.hahnzog.de\/organisationsberatung\/#organization"},"potentialAction":[{"@type":"SearchAction","target":{"@type":"EntryPoint","urlTemplate":"https:\/\/www.hahnzog.de\/organisationsberatung\/?s={search_term_string}"},"query-input":{"@type":"PropertyValueSpecification","valueRequired":true,"valueName":"search_term_string"}}],"inLanguage":"de"},{"@type":"Organization","@id":"https:\/\/www.hahnzog.de\/organisationsberatung\/#organization","name":"hahnzog Organisationsberatung","url":"https:\/\/www.hahnzog.de\/organisationsberatung\/","logo":{"@type":"ImageObject","inLanguage":"de","@id":"https:\/\/www.hahnzog.de\/organisationsberatung\/#\/schema\/logo\/image\/","url":"https:\/\/www.hahnzog.de\/organisationsberatung\/wp-content\/uploads\/2017\/07\/Logo_Hahnzog.png","contentUrl":"https:\/\/www.hahnzog.de\/organisationsberatung\/wp-content\/uploads\/2017\/07\/Logo_Hahnzog.png","width":286,"height":98,"caption":"hahnzog Organisationsberatung"},"image":{"@id":"https:\/\/www.hahnzog.de\/organisationsberatung\/#\/schema\/logo\/image\/"}}]}},"_links":{"self":[{"href":"https:\/\/www.hahnzog.de\/organisationsberatung\/wp-json\/wp\/v2\/pages\/176","targetHints":{"allow":["GET"]}}],"collection":[{"href":"https:\/\/www.hahnzog.de\/organisationsberatung\/wp-json\/wp\/v2\/pages"}],"about":[{"href":"https:\/\/www.hahnzog.de\/organisationsberatung\/wp-json\/wp\/v2\/types\/page"}],"author":[{"embeddable":true,"href":"https:\/\/www.hahnzog.de\/organisationsberatung\/wp-json\/wp\/v2\/users\/1"}],"replies":[{"embeddable":true,"href":"https:\/\/www.hahnzog.de\/organisationsberatung\/wp-json\/wp\/v2\/comments?post=176"}],"version-history":[{"count":77,"href":"https:\/\/www.hahnzog.de\/organisationsberatung\/wp-json\/wp\/v2\/pages\/176\/revisions"}],"predecessor-version":[{"id":3340,"href":"https:\/\/www.hahnzog.de\/organisationsberatung\/wp-json\/wp\/v2\/pages\/176\/revisions\/3340"}],"up":[{"embeddable":true,"href":"https:\/\/www.hahnzog.de\/organisationsberatung\/wp-json\/wp\/v2\/pages\/27"}],"wp:attachment":[{"href":"https:\/\/www.hahnzog.de\/organisationsberatung\/wp-json\/wp\/v2\/media?parent=176"}],"curies":[{"name":"wp","href":"https:\/\/api.w.org\/{rel}","templated":true}]}}