{"id":2341,"date":"2014-10-29T11:30:13","date_gmt":"2014-10-29T10:30:13","guid":{"rendered":"http:\/\/www.hahnzog.de\/organisationsberatung\/?page_id=2341"},"modified":"2022-08-03T11:15:11","modified_gmt":"2022-08-03T09:15:11","slug":"psychische-gefaehrdungsbeurteilung","status":"publish","type":"page","link":"https:\/\/www.hahnzog.de\/organisationsberatung\/psychische-gefaehrdungsbeurteilung","title":{"rendered":"Psychische Gef\u00e4hrdungsbeurteilung"},"content":{"rendered":"<div class=\"art-content-layout layout-item-0\">\n<div class=\"art-content-layout-row\">\n<div class=\"art-layout-cell layout-item-2\" style=\"width: 100%;\">&nbsp;<\/div>\n<\/div>\n<\/div>\n<p><span style=\"color: #000000;\">Vielleicht hatten Sie in Ihrem Unternehmen bereits F\u00e4lle von Burnout, Depressionen oder Suchterkrankungen? Dann wissen Sie, dass die langen Arbeitsausfallzeiten hohe Kosten verursachen und mit aufwendigen Wiedereingliederungsma\u00dfnahmen einhergehen, f\u00fcr die oftmals personelle und zeitliche Ressourcen fehlen.<\/span><\/p>\n<p><span style=\"color: #000000;\">Seit dem 01.01.2014 sind alle deutschen Unternehmen dazu verpflichtet, auch die \u201epsychischen Belastungen bei der Arbeit\u201c ihrer Mitarbeiter*innen zu beurteilen und in Form einer psychischen Gef\u00e4hrdungsbeurteilung zu dokumentieren (\u00a75 ArbSchG). <\/span><span style=\"color: #000000;\">Im Falle einer psychischen Erkrankung einer\/s Besch\u00e4ftigten aufgrund \u00fcberm\u00e4\u00dfiger beruflicher Belastung drohen dem Arbeitgeber ansonsten Bu\u00dfgelder seitens der Kontrollbeh\u00f6rden sowie m\u00f6glicherweise der Verlust von Qualit\u00e4tsauditierungen.<\/span><\/p>\n<p>&nbsp;<\/p>\n<h4><span style=\"color: #1671af;\">Der Fragebogen MAVA:2<\/span><\/h4>\n<p><span style=\"color: #000000;\"><span style=\"color: #1671af;\"><span style=\"color: #000000;\">Das<\/span><a href=\"https:\/\/www.hahnzog.de\/organisationsberatung\/wp-content\/uploads\/2022\/01\/hahnzog_MAVA-2_Two-Pager.pdf\" target=\"_blank\" rel=\"noopener\"> M\u00fcnchner Audit zur Verh\u00e4ltnisanalyse &#8211; MAVA:2 (MAVA:2-Two-Pager hier herunterladen)<\/a><\/span> ist nach DIN-ISO 10075-3 ein \u201eScreeningverfahren der Pr\u00e4zisionsstufe 2\u201c, das 2014 von <span style=\"color: #1671af;\">Dr. Simon Hahnzog<\/span> explizit zur Gestaltung von psychischen Gef\u00e4hrdungsbeurteilungen entwickelt und 2020\/21 in 2. Auflage aktualisiert wurde (Grundlegende \u00dcberarbeitung im Zeitraum 10\/2020 \u2013 03\/2021, u.a.: Nutzeroptimierung der Dokumentation, Bezug auf aktuellen Forschungsstand, aktualisierte Vergleichsstichprobe (n = 19.106 Teilnehmer*innen), Fragenblock zur psychischen Belastung seit der Pandemie durch Corona SARS-CoV-2, genderdiverse Sprache). <\/span><\/p>\n<p><img loading=\"lazy\" decoding=\"async\" class=\"size-medium wp-image-3403 aligncenter\" src=\"https:\/\/www.hahnzog.de\/organisationsberatung\/wp-content\/uploads\/2022\/01\/MAVA-2_Beispielgrafik-400x205.png\" alt=\"\" width=\"400\" height=\"205\" srcset=\"https:\/\/www.hahnzog.de\/organisationsberatung\/wp-content\/uploads\/2022\/01\/MAVA-2_Beispielgrafik-400x205.png 400w, https:\/\/www.hahnzog.de\/organisationsberatung\/wp-content\/uploads\/2022\/01\/MAVA-2_Beispielgrafik-150x77.png 150w, https:\/\/www.hahnzog.de\/organisationsberatung\/wp-content\/uploads\/2022\/01\/MAVA-2_Beispielgrafik.png 436w\" sizes=\"auto, (max-width: 400px) 100vw, 400px\" \/><\/p>\n<p><span style=\"color: #000000;\">Neben der Vollversion stehen auch eine Kurzform (<em>mava-kompakt:2<\/em>) und eine automatisierte Lizenzversion (PGB.online) zur Verf\u00fcgung. Das M\u00fcnchner Audit zur Verh\u00e4ltnisanalyse kam inzwischen bei \u00fcber 280 Unternehmen aller Branchen und Gr\u00f6\u00dfen zum Einsatz. Etwa 26.000 Personen haben den Fragebogen bislang beantwortet (Stand: April 2021).<\/span><\/p>\n<p><span style=\"color: #000000;\">Durch <span style=\"color: #1671af;\">MAVA:2<\/span> werden psychische Risikoaspekte in der Arbeit erhoben und beurteilt sowie Handlungsempfehlungen f\u00fcr Ihr Unternehmen abgeleitet. Die Ergebnisse werden zudem f\u00fcr jeden einzelnen Arbeits-\/T\u00e4tigkeitsbereich unterschieden. Damit k\u00f6nnen Sie die Pr\u00e4vention vor psychischen Fehlbelastungen (weiter)entwickeln und die Anforderungen nach \u00a7 5 ArbSchG und den GDA-Leitlinien erf\u00fcllen.<\/span><\/p>\n<p><span style=\"color: #000000;\">Der Einsatz von <span style=\"color: #1671af;\">MAVA:2 <\/span>ist in allen beruflichen Positionen und Branchen m\u00f6glich. Es werden s\u00e4mtliche Mitarbeiter*innen Ihres Unternehmens bei der Befragung ber\u00fccksichtigt.<\/span><\/p>\n<p style=\"text-align: left;\"><span style=\"color: #ffffff;\">.<\/span><\/p>\n\n\n<h4><span style=\"color: #1671af;\">Ma\u00dfkonfektionierte L\u00f6sungen<\/span><\/h4>\n\n\n\n<div class=\"wp-block-columns is-layout-flex wp-container-core-columns-is-layout-9d6595d7 wp-block-columns-is-layout-flex\">\n<div class=\"wp-block-column is-layout-flow wp-block-column-is-layout-flow\" style=\"flex-basis:33.33%\">\n<p><img loading=\"lazy\" decoding=\"async\" class=\"size-thumbnail wp-image-2900 alignleft\" src=\"https:\/\/www.hahnzog.de\/organisationsberatung\/wp-content\/uploads\/2014\/10\/icon_quick-103x100.jpg\" alt=\"\" width=\"103\" height=\"100\" srcset=\"https:\/\/www.hahnzog.de\/organisationsberatung\/wp-content\/uploads\/2014\/10\/icon_quick-103x100.jpg 103w, https:\/\/www.hahnzog.de\/organisationsberatung\/wp-content\/uploads\/2014\/10\/icon_quick.jpg 162w\" sizes=\"auto, (max-width: 103px) 100vw, 103px\" \/><\/p>\n<\/div>\n\n\n\n<div class=\"wp-block-column is-layout-flow wp-block-column-is-layout-flow\" style=\"flex-basis:66.66%\">\n<h4><span style=\"color: #1671af;\">Der Quick-Check<\/span><\/h4>\n<p><span style=\"color: #000000;\">F\u00fcr eine erste Einsch\u00e4tzung f\u00fcr Ihr Unternehmen, widmen Sie sich f\u00fcr einen Moment unserem<\/span> <a href=\"http:\/\/www.hahnzog.de\/organisationsberatung\/wp-content\/uploads\/2016\/05\/hahnzog_Quick-Check_psychische-Arbeitsbelastung.pdf\" target=\"_blank\" rel=\"noopener noreferrer\">Quick-Check zur psychischen Arbeitsbelastung<\/a><span style=\"color: #000000;\">, einem Fragebogen mit 10 Fragen zur \u00dcbersicht \u00fcber die psychische Gesundheit in Ihrem Unternehmen.<\/span><\/p>\n<p><span style=\"color: #000000;\">M\u00fcssen Sie mehr als drei Fragen mit \u201eNein\u201c beantworten, ist die Durchf\u00fchrung einer psychischen Gef\u00e4hrdungsbeurteilung in Ihrem Unternehmen dringend indiziert.<\/span><\/p>\n<\/div>\n<\/div>\n\n\n\n<div class=\"wp-block-columns is-layout-flex wp-container-core-columns-is-layout-9d6595d7 wp-block-columns-is-layout-flex\">\n<div class=\"wp-block-column is-layout-flow wp-block-column-is-layout-flow\" style=\"flex-basis:33.33%\">\n<p><img loading=\"lazy\" decoding=\"async\" class=\"alignleft size-thumbnail wp-image-2907\" src=\"https:\/\/www.hahnzog.de\/organisationsberatung\/wp-content\/uploads\/2017\/02\/icon_ma\u00dfnahmen-103x100.jpg\" alt=\"\" width=\"103\" height=\"100\" srcset=\"https:\/\/www.hahnzog.de\/organisationsberatung\/wp-content\/uploads\/2017\/02\/icon_ma\u00dfnahmen-103x100.jpg 103w, https:\/\/www.hahnzog.de\/organisationsberatung\/wp-content\/uploads\/2017\/02\/icon_ma\u00dfnahmen.jpg 162w\" sizes=\"auto, (max-width: 103px) 100vw, 103px\" \/><\/p>\n<\/div>\n\n\n\n<div class=\"wp-block-column is-layout-flow wp-block-column-is-layout-flow\" style=\"flex-basis:66.66%\">\n<h4><span style=\"color: #1671af;\">Die individuelle Kompaktl\u00f6sung:<\/span><br><span style=\"color: #1671af;\">GBpsych mit <em>mava-kompakt:2<\/em><\/span><\/h4>\n<p><span style=\"color: #000000;\">Sie wollen sich zun\u00e4chst ohne ausf\u00fchrlichen Beratungsprozess dem Thema der psychischen Gef\u00e4hrdungsbeurteilung n\u00e4hern und trotzdem alle rechtlich relevanten Kriterien erf\u00fcllen?<\/span><\/p>\n<p><span style=\"color: #000000;\">Dann ist der online-Fragebogen <\/span><a href=\"https:\/\/www.hahnzog.de\/organisationsberatung\/wp-content\/uploads\/2022\/01\/mava-kompakt-2_Broschuere_hahnzog.pdf\" target=\"_blank\" rel=\"noopener\"><em><span style=\"text-decoration: underline;\">mava-kompakt:2<\/span><\/em> (Verfahrensbrosch\u00fcre hier herunterladen) <\/a><span style=\"color: #000000;\">genau das richtige f\u00fcr Sie!<\/span><\/p>\n<\/div>\n<\/div>\n\n\n\n<div class=\"wp-block-columns is-layout-flex wp-container-core-columns-is-layout-9d6595d7 wp-block-columns-is-layout-flex\">\n<div class=\"wp-block-column is-layout-flow wp-block-column-is-layout-flow\" style=\"flex-basis:33.33%\">\n<p><img loading=\"lazy\" decoding=\"async\" class=\"alignleft size-thumbnail wp-image-2939\" src=\"https:\/\/www.hahnzog.de\/organisationsberatung\/wp-content\/uploads\/2011\/05\/icon_unternehmen-103x100.jpg\" alt=\"\" width=\"103\" height=\"100\" srcset=\"https:\/\/www.hahnzog.de\/organisationsberatung\/wp-content\/uploads\/2011\/05\/icon_unternehmen-103x100.jpg 103w, https:\/\/www.hahnzog.de\/organisationsberatung\/wp-content\/uploads\/2011\/05\/icon_unternehmen.jpg 162w\" sizes=\"auto, (max-width: 103px) 100vw, 103px\" \/><\/p>\n<\/div>\n\n\n\n<div class=\"wp-block-column is-layout-flow wp-block-column-is-layout-flow\" style=\"flex-basis:66.66%\">\n<h4><span style=\"color: #1671af;\">Die Pr\u00e4senz-L\u00f6sung:<\/span><br><span style=\"color: #1671af;\">Strategischer Beratungsprozess mit MAVA:2<\/span><\/h4>\n<p><span style=\"color: #000000;\">Sie m\u00f6chten die psychische Gef\u00e4hrdungsbeurteilung ganzheitlich angehen? F\u00fcr eine umfassende Gef\u00e4hrdungsbeurteilung im Unternehmen unterst\u00fctzen wir Sie mit unserem strategischen Beratungsprozess.<\/span><\/p>\n<p><span style=\"color: #000000;\">Sie erhalten eine ma\u00dfkonfektionierte Pr\u00e4senz-L\u00f6sung, die ideal den Bed\u00fcrfnissen Ihres Unternehmens entspricht. Wir unterst\u00fctzen Sie mit <\/span><span style=\"text-decoration: underline;\"><a href=\"https:\/\/www.hahnzog.de\/organisationsberatung\/wp-content\/uploads\/2022\/01\/hahnzog_MAVA-2_Broschuere.pdf\" target=\"_blank\" rel=\"noopener\"><span style=\"color: #1671af; text-decoration: underline;\">MAVA:2 &#8211; M\u00fcnchner Audit zur Verh\u00e4ltnisanalyse (2. Auflage &#8211; Verfahrensbrosch\u00fcre hier herunterladen)<\/span><\/a><\/span> <span style=\"color: #000000;\">\u2013 dem effektiven und zugleich wirksamen Fragebogen f\u00fcr einen ganzheitlichen Ansatz.<\/span><\/p>\n<\/div>\n<\/div>\n\n\n\n<h4><span style=\"color: #1671af;\"><strong>Datenschutz und Vertraulichkeit<\/strong><\/span><\/h4>\n<p><span style=\"color: #000000;\">Die erhobenen Daten werden ausschlie\u00dflich von Mitarbeiter*innen der hahnzog \u2013 organisationsberatung erfasst und verarbeitet \u2013 kein*e Vertreter*in des Unternehmens hat Zugang zu den Rohdaten. Diese werden anonymisiert. Lediglich die Auswertung und Handlungsimpulse werden r\u00fcckgespiegelt. Dadurch ist <strong>absolute Vertraulichkeit der Daten<\/strong> gew\u00e4hrleistet (entsprechend \u00a7 203 StGB). MAVA wird als Online-Fragebogen mit LamaPoll durchgef\u00fchrt, dem einzigen Umfrageanbieter, der den deutschen Datenschutzrichtlinien entspricht und seinen Serverstandort in Deutschland hat (zertifiziert nach ISO 27001). F\u00fcr alle Mitarbeiter*innen, die an ihrem Arbeitsplatz nicht \u00fcber einen Online-Zugang verf\u00fcgen, kann MAVA auch in Papierform zur Verf\u00fcgung gestellt werden.<\/span><\/p>\n<p>&nbsp;<\/p>\n\n\n\n<table style=\"height: 46px; width: 100%; border-collapse: collapse; background-color: #e8e8e8;\">\n<tbody>\n<tr style=\"height: 23px;\">\n<td style=\"width: 100%; height: 23px;\">\n<h4><span style=\"color: #1671af; background-color: #e8e8e8;\">Unsere USP &#8211; Ihr Mehrwert!<\/span><\/h4>\n<\/td>\n<\/tr>\n<tr style=\"height: 23px;\">\n<td style=\"width: 100%; height: 23px;\">\n<ul>\n<li><span style=\"background-color: #e8e8e8;\"><span style=\"color: #000000;\">Kosteng\u00fcnstige psychische Gef\u00e4hrdungsbeurteilung f\u00fcr<\/span> <span style=\"color: #1671af;\">Unternehmen aller Gr\u00f6\u00dfen und Branchen<\/span>.<\/span><\/li>\n<li><span style=\"background-color: #e8e8e8;\"><span style=\"color: #000000;\">Aufeinander <\/span><span style=\"color: #1671af;\">abgestimmte Diagnoseverfahren<\/span>&nbsp;<span style=\"color: #000000;\"> erm\u00f6glichen ein ganzheitliches Bild Ihres Unternehmens und entsprechen Ihren indivduellen Bed\u00fcrfnissen.<\/span><\/span><\/li>\n<li><span style=\"background-color: #e8e8e8;\"><span style=\"color: #1671af;\">Wirkungsvolle Ma\u00dfnahmen<\/span> <span style=\"color: #000000;\">&#8211; abgestimmt auf die Ergebnisse der psychischen Gef\u00e4hrdungsbeurteilung.<\/span><\/span><\/li>\n<li><span style=\"background-color: #e8e8e8;\"><span style=\"color: #000000;\">Die Durchf\u00fchrung der psychischen Gef\u00e4hrdungsbeurteilung erfolgt mit<\/span> <span style=\"color: #1671af;\">wirtschaftspsychologischer Fachkompetenz<\/span><em>.<\/em><\/span><\/li>\n<li><span style=\"background-color: #e8e8e8;\"><span style=\"color: #000000;\">Absicherung bei Kontrollen durch die Gewerbeaufsicht durch eine umfangreiche<\/span> <span style=\"color: #1671af;\">schriftliche Dokumentation<\/span> <span style=\"color: #000000;\">(\u00a7 6 ArbSchG).<\/span><\/span><\/li>\n<li><span style=\"background-color: #e8e8e8;\"><span style=\"color: #000000;\">Sie erhalten ein <\/span><span style=\"color: #1671af;\">Festpreisangebot<\/span> <span style=\"color: #000000;\">mit einer detaillierten Leistungsbeschreibung f\u00fcr Ihre psychische Gef\u00e4hrdungsbeurteilung.<\/span><\/span><\/li>\n<li><span style=\"background-color: #e8e8e8;\"><span style=\"color: #000000;\">Unser umfangreiches Leistungsspektrum und ein multiprofessionelles Netzwerk bieten auch \u00fcber den Analyseprozess hinaus<\/span> <span style=\"color: #1671af;\">Unterst\u00fctzung f\u00fcr Ihr BGM<\/span>.<\/span><\/li>\n<li><span style=\"background-color: #e8e8e8;\"><span style=\"color: #000000;\">Wir sind zu <\/span><span style=\"color: #1671af;\">Vertraulichkeit und Datenschutz <\/span><\/span><span style=\"color: #000000;\">gesetzlich verpflichtet (\u00a7 203 StGB).<\/span><\/li>\n<li><span style=\"color: #000000;\">Als erstes Verfahren zur psychischen Gef\u00e4hrdungsbeurteilung hat MAVA im vollen Umfang die <\/span><span style=\"background-color: #e8e8e8;\"><span style=\"color: #1671af;\">Richtlinien der BAuA und GDA<\/span> <span style=\"color: #000000;\">erf\u00fcllt.<\/span><\/span><\/li>\n<\/ul>\n<\/td>\n<\/tr>\n<\/tbody>\n<\/table>\n\n\n\n<p>&nbsp;<\/p>\n<h4><a title=\"Kontakt\" href=\"http:\/\/www.hahnzog.de\/organisationsberatung\/kontakt\" target=\"_blank\" rel=\"noopener noreferrer\">Kontaktieren Sie uns<\/a>, <br>wir nehmen uns Zeit, Kopf, Herz und Hand f\u00fcr Ihre Anfrage.<\/h4>\n<p>&nbsp;<\/p>\n<p>&nbsp;<\/p>\n","protected":false},"excerpt":{"rendered":"<p>&nbsp; Vielleicht hatten Sie in Ihrem Unternehmen bereits F\u00e4lle von Burnout, Depressionen oder Suchterkrankungen? Dann wissen Sie, dass die langen Arbeitsausfallzeiten hohe Kosten verursachen und mit aufwendigen Wiedereingliederungsma\u00dfnahmen einhergehen, f\u00fcr die oftmals personelle und zeitliche Ressourcen fehlen. Seit dem 01.01.2014<\/p>\n","protected":false},"author":1,"featured_media":0,"parent":0,"menu_order":0,"comment_status":"closed","ping_status":"closed","template":"","meta":{"footnotes":""},"class_list":["post-2341","page","type-page","status-publish","hentry"],"yoast_head":"<!-- This site is optimized with the Yoast SEO plugin v27.4 - https:\/\/yoast.com\/product\/yoast-seo-wordpress\/ -->\n<title>Psychische Gef\u00e4hrdungsbeurteilung - hahnzog - organisationsberatung<\/title>\n<meta name=\"description\" content=\"Psychische Gef\u00e4hrdungsbeurteilung, seit 2013 Pflicht f\u00fcr jedes Unternehmen. Ihr Partner: Die hahnzog organisationsberatung - Informieren Sie sich jetzt!\" \/>\n<meta name=\"robots\" content=\"index, follow, max-snippet:-1, max-image-preview:large, max-video-preview:-1\" \/>\n<link rel=\"canonical\" href=\"https:\/\/www.hahnzog.de\/organisationsberatung\/psychische-gefaehrdungsbeurteilung\" \/>\n<meta property=\"og:locale\" content=\"de_DE\" \/>\n<meta property=\"og:type\" content=\"article\" \/>\n<meta property=\"og:title\" content=\"Psychische Gef\u00e4hrdungsbeurteilung - hahnzog - organisationsberatung\" \/>\n<meta property=\"og:description\" content=\"Psychische Gef\u00e4hrdungsbeurteilung, seit 2013 Pflicht f\u00fcr jedes Unternehmen. Ihr Partner: Die hahnzog organisationsberatung - Informieren Sie sich jetzt!\" \/>\n<meta property=\"og:url\" content=\"https:\/\/www.hahnzog.de\/organisationsberatung\/psychische-gefaehrdungsbeurteilung\" \/>\n<meta property=\"og:site_name\" content=\"hahnzog - organisationsberatung\" \/>\n<meta property=\"article:modified_time\" content=\"2022-08-03T09:15:11+00:00\" \/>\n<meta property=\"og:image\" content=\"https:\/\/www.hahnzog.de\/organisationsberatung\/wp-content\/uploads\/2022\/01\/MAVA-2_Beispielgrafik-400x205.png\" \/>\n<meta name=\"twitter:card\" content=\"summary_large_image\" \/>\n<meta name=\"twitter:label1\" content=\"Gesch\u00e4tzte Lesezeit\" \/>\n\t<meta name=\"twitter:data1\" content=\"5\u00a0Minuten\" \/>\n<script type=\"application\/ld+json\" class=\"yoast-schema-graph\">{\"@context\":\"https:\\\/\\\/schema.org\",\"@graph\":[{\"@type\":\"WebPage\",\"@id\":\"https:\\\/\\\/www.hahnzog.de\\\/organisationsberatung\\\/psychische-gefaehrdungsbeurteilung\",\"url\":\"https:\\\/\\\/www.hahnzog.de\\\/organisationsberatung\\\/psychische-gefaehrdungsbeurteilung\",\"name\":\"Psychische Gef\u00e4hrdungsbeurteilung - hahnzog - organisationsberatung\",\"isPartOf\":{\"@id\":\"https:\\\/\\\/www.hahnzog.de\\\/organisationsberatung\\\/#website\"},\"primaryImageOfPage\":{\"@id\":\"https:\\\/\\\/www.hahnzog.de\\\/organisationsberatung\\\/psychische-gefaehrdungsbeurteilung#primaryimage\"},\"image\":{\"@id\":\"https:\\\/\\\/www.hahnzog.de\\\/organisationsberatung\\\/psychische-gefaehrdungsbeurteilung#primaryimage\"},\"thumbnailUrl\":\"https:\\\/\\\/www.hahnzog.de\\\/organisationsberatung\\\/wp-content\\\/uploads\\\/2022\\\/01\\\/MAVA-2_Beispielgrafik-400x205.png\",\"datePublished\":\"2014-10-29T10:30:13+00:00\",\"dateModified\":\"2022-08-03T09:15:11+00:00\",\"description\":\"Psychische Gef\u00e4hrdungsbeurteilung, seit 2013 Pflicht f\u00fcr jedes Unternehmen. Ihr Partner: Die hahnzog organisationsberatung - Informieren Sie sich jetzt!\",\"breadcrumb\":{\"@id\":\"https:\\\/\\\/www.hahnzog.de\\\/organisationsberatung\\\/psychische-gefaehrdungsbeurteilung#breadcrumb\"},\"inLanguage\":\"de\",\"potentialAction\":[{\"@type\":\"ReadAction\",\"target\":[\"https:\\\/\\\/www.hahnzog.de\\\/organisationsberatung\\\/psychische-gefaehrdungsbeurteilung\"]}]},{\"@type\":\"ImageObject\",\"inLanguage\":\"de\",\"@id\":\"https:\\\/\\\/www.hahnzog.de\\\/organisationsberatung\\\/psychische-gefaehrdungsbeurteilung#primaryimage\",\"url\":\"https:\\\/\\\/www.hahnzog.de\\\/organisationsberatung\\\/wp-content\\\/uploads\\\/2022\\\/01\\\/MAVA-2_Beispielgrafik.png\",\"contentUrl\":\"https:\\\/\\\/www.hahnzog.de\\\/organisationsberatung\\\/wp-content\\\/uploads\\\/2022\\\/01\\\/MAVA-2_Beispielgrafik.png\",\"width\":436,\"height\":223},{\"@type\":\"BreadcrumbList\",\"@id\":\"https:\\\/\\\/www.hahnzog.de\\\/organisationsberatung\\\/psychische-gefaehrdungsbeurteilung#breadcrumb\",\"itemListElement\":[{\"@type\":\"ListItem\",\"position\":1,\"name\":\"Startseite\",\"item\":\"https:\\\/\\\/www.hahnzog.de\\\/organisationsberatung\\\/\"},{\"@type\":\"ListItem\",\"position\":2,\"name\":\"Psychische Gef\u00e4hrdungsbeurteilung\"}]},{\"@type\":\"WebSite\",\"@id\":\"https:\\\/\\\/www.hahnzog.de\\\/organisationsberatung\\\/#website\",\"url\":\"https:\\\/\\\/www.hahnzog.de\\\/organisationsberatung\\\/\",\"name\":\"hahnzog - organisationsberatung\",\"description\":\"Gesunde Unternehmen gestalten\",\"publisher\":{\"@id\":\"https:\\\/\\\/www.hahnzog.de\\\/organisationsberatung\\\/#organization\"},\"potentialAction\":[{\"@type\":\"SearchAction\",\"target\":{\"@type\":\"EntryPoint\",\"urlTemplate\":\"https:\\\/\\\/www.hahnzog.de\\\/organisationsberatung\\\/?s={search_term_string}\"},\"query-input\":{\"@type\":\"PropertyValueSpecification\",\"valueRequired\":true,\"valueName\":\"search_term_string\"}}],\"inLanguage\":\"de\"},{\"@type\":\"Organization\",\"@id\":\"https:\\\/\\\/www.hahnzog.de\\\/organisationsberatung\\\/#organization\",\"name\":\"hahnzog Organisationsberatung\",\"url\":\"https:\\\/\\\/www.hahnzog.de\\\/organisationsberatung\\\/\",\"logo\":{\"@type\":\"ImageObject\",\"inLanguage\":\"de\",\"@id\":\"https:\\\/\\\/www.hahnzog.de\\\/organisationsberatung\\\/#\\\/schema\\\/logo\\\/image\\\/\",\"url\":\"https:\\\/\\\/www.hahnzog.de\\\/organisationsberatung\\\/wp-content\\\/uploads\\\/2017\\\/07\\\/Logo_Hahnzog.png\",\"contentUrl\":\"https:\\\/\\\/www.hahnzog.de\\\/organisationsberatung\\\/wp-content\\\/uploads\\\/2017\\\/07\\\/Logo_Hahnzog.png\",\"width\":286,\"height\":98,\"caption\":\"hahnzog Organisationsberatung\"},\"image\":{\"@id\":\"https:\\\/\\\/www.hahnzog.de\\\/organisationsberatung\\\/#\\\/schema\\\/logo\\\/image\\\/\"}}]}<\/script>\n<!-- \/ Yoast SEO plugin. -->","yoast_head_json":{"title":"Psychische Gef\u00e4hrdungsbeurteilung - hahnzog - organisationsberatung","description":"Psychische Gef\u00e4hrdungsbeurteilung, seit 2013 Pflicht f\u00fcr jedes Unternehmen. Ihr Partner: Die hahnzog organisationsberatung - Informieren Sie sich jetzt!","robots":{"index":"index","follow":"follow","max-snippet":"max-snippet:-1","max-image-preview":"max-image-preview:large","max-video-preview":"max-video-preview:-1"},"canonical":"https:\/\/www.hahnzog.de\/organisationsberatung\/psychische-gefaehrdungsbeurteilung","og_locale":"de_DE","og_type":"article","og_title":"Psychische Gef\u00e4hrdungsbeurteilung - hahnzog - organisationsberatung","og_description":"Psychische Gef\u00e4hrdungsbeurteilung, seit 2013 Pflicht f\u00fcr jedes Unternehmen. Ihr Partner: Die hahnzog organisationsberatung - Informieren Sie sich jetzt!","og_url":"https:\/\/www.hahnzog.de\/organisationsberatung\/psychische-gefaehrdungsbeurteilung","og_site_name":"hahnzog - organisationsberatung","article_modified_time":"2022-08-03T09:15:11+00:00","og_image":[{"url":"https:\/\/www.hahnzog.de\/organisationsberatung\/wp-content\/uploads\/2022\/01\/MAVA-2_Beispielgrafik-400x205.png","type":"","width":"","height":""}],"twitter_card":"summary_large_image","twitter_misc":{"Gesch\u00e4tzte Lesezeit":"5\u00a0Minuten"},"schema":{"@context":"https:\/\/schema.org","@graph":[{"@type":"WebPage","@id":"https:\/\/www.hahnzog.de\/organisationsberatung\/psychische-gefaehrdungsbeurteilung","url":"https:\/\/www.hahnzog.de\/organisationsberatung\/psychische-gefaehrdungsbeurteilung","name":"Psychische Gef\u00e4hrdungsbeurteilung - hahnzog - organisationsberatung","isPartOf":{"@id":"https:\/\/www.hahnzog.de\/organisationsberatung\/#website"},"primaryImageOfPage":{"@id":"https:\/\/www.hahnzog.de\/organisationsberatung\/psychische-gefaehrdungsbeurteilung#primaryimage"},"image":{"@id":"https:\/\/www.hahnzog.de\/organisationsberatung\/psychische-gefaehrdungsbeurteilung#primaryimage"},"thumbnailUrl":"https:\/\/www.hahnzog.de\/organisationsberatung\/wp-content\/uploads\/2022\/01\/MAVA-2_Beispielgrafik-400x205.png","datePublished":"2014-10-29T10:30:13+00:00","dateModified":"2022-08-03T09:15:11+00:00","description":"Psychische Gef\u00e4hrdungsbeurteilung, seit 2013 Pflicht f\u00fcr jedes Unternehmen. Ihr Partner: Die hahnzog organisationsberatung - Informieren Sie sich jetzt!","breadcrumb":{"@id":"https:\/\/www.hahnzog.de\/organisationsberatung\/psychische-gefaehrdungsbeurteilung#breadcrumb"},"inLanguage":"de","potentialAction":[{"@type":"ReadAction","target":["https:\/\/www.hahnzog.de\/organisationsberatung\/psychische-gefaehrdungsbeurteilung"]}]},{"@type":"ImageObject","inLanguage":"de","@id":"https:\/\/www.hahnzog.de\/organisationsberatung\/psychische-gefaehrdungsbeurteilung#primaryimage","url":"https:\/\/www.hahnzog.de\/organisationsberatung\/wp-content\/uploads\/2022\/01\/MAVA-2_Beispielgrafik.png","contentUrl":"https:\/\/www.hahnzog.de\/organisationsberatung\/wp-content\/uploads\/2022\/01\/MAVA-2_Beispielgrafik.png","width":436,"height":223},{"@type":"BreadcrumbList","@id":"https:\/\/www.hahnzog.de\/organisationsberatung\/psychische-gefaehrdungsbeurteilung#breadcrumb","itemListElement":[{"@type":"ListItem","position":1,"name":"Startseite","item":"https:\/\/www.hahnzog.de\/organisationsberatung\/"},{"@type":"ListItem","position":2,"name":"Psychische Gef\u00e4hrdungsbeurteilung"}]},{"@type":"WebSite","@id":"https:\/\/www.hahnzog.de\/organisationsberatung\/#website","url":"https:\/\/www.hahnzog.de\/organisationsberatung\/","name":"hahnzog - organisationsberatung","description":"Gesunde Unternehmen gestalten","publisher":{"@id":"https:\/\/www.hahnzog.de\/organisationsberatung\/#organization"},"potentialAction":[{"@type":"SearchAction","target":{"@type":"EntryPoint","urlTemplate":"https:\/\/www.hahnzog.de\/organisationsberatung\/?s={search_term_string}"},"query-input":{"@type":"PropertyValueSpecification","valueRequired":true,"valueName":"search_term_string"}}],"inLanguage":"de"},{"@type":"Organization","@id":"https:\/\/www.hahnzog.de\/organisationsberatung\/#organization","name":"hahnzog Organisationsberatung","url":"https:\/\/www.hahnzog.de\/organisationsberatung\/","logo":{"@type":"ImageObject","inLanguage":"de","@id":"https:\/\/www.hahnzog.de\/organisationsberatung\/#\/schema\/logo\/image\/","url":"https:\/\/www.hahnzog.de\/organisationsberatung\/wp-content\/uploads\/2017\/07\/Logo_Hahnzog.png","contentUrl":"https:\/\/www.hahnzog.de\/organisationsberatung\/wp-content\/uploads\/2017\/07\/Logo_Hahnzog.png","width":286,"height":98,"caption":"hahnzog Organisationsberatung"},"image":{"@id":"https:\/\/www.hahnzog.de\/organisationsberatung\/#\/schema\/logo\/image\/"}}]}},"_links":{"self":[{"href":"https:\/\/www.hahnzog.de\/organisationsberatung\/wp-json\/wp\/v2\/pages\/2341","targetHints":{"allow":["GET"]}}],"collection":[{"href":"https:\/\/www.hahnzog.de\/organisationsberatung\/wp-json\/wp\/v2\/pages"}],"about":[{"href":"https:\/\/www.hahnzog.de\/organisationsberatung\/wp-json\/wp\/v2\/types\/page"}],"author":[{"embeddable":true,"href":"https:\/\/www.hahnzog.de\/organisationsberatung\/wp-json\/wp\/v2\/users\/1"}],"replies":[{"embeddable":true,"href":"https:\/\/www.hahnzog.de\/organisationsberatung\/wp-json\/wp\/v2\/comments?post=2341"}],"version-history":[{"count":138,"href":"https:\/\/www.hahnzog.de\/organisationsberatung\/wp-json\/wp\/v2\/pages\/2341\/revisions"}],"predecessor-version":[{"id":3494,"href":"https:\/\/www.hahnzog.de\/organisationsberatung\/wp-json\/wp\/v2\/pages\/2341\/revisions\/3494"}],"wp:attachment":[{"href":"https:\/\/www.hahnzog.de\/organisationsberatung\/wp-json\/wp\/v2\/media?parent=2341"}],"curies":[{"name":"wp","href":"https:\/\/api.w.org\/{rel}","templated":true}]}}