{"id":27,"date":"2011-05-10T10:16:45","date_gmt":"2011-05-10T10:16:45","guid":{"rendered":"http:\/\/www.hahnzog.de\/organisationsberatung\/?page_id=27"},"modified":"2022-01-25T17:39:41","modified_gmt":"2022-01-25T16:39:41","slug":"hahnzog","status":"publish","type":"page","link":"https:\/\/www.hahnzog.de\/organisationsberatung\/hahnzog","title":{"rendered":"\u00dcber hahnzog"},"content":{"rendered":"<p><span style=\"color: #000000;\">Folgende <\/span><span style=\"color: #1671af;\"><strong>Haltungen<\/strong> <\/span><span style=\"color: #000000;\">beschreiben die Grunds\u00e4tze unserer Arbeit:<\/span><\/p>\n<p><b><span style=\"color: #1671af;\">professionell<\/span>:<\/b><\/p>\n<p><span style=\"color: #000000;\">Unsere Beratungsangebote gr\u00fcnden auf einer vertieften wissenschaftlichen Basis, die allerdings nichts wert w\u00e4re, ohne den lebensnahen Praxisbezug, der unser gesamtes Leistungsspektrum auszeichnet.<\/span><\/p>\n<p><b><span style=\"color: #1671af;\">systemisch<\/span>:<\/b><\/p>\n<p><span style=\"color: #000000;\">Probleme und L\u00f6sungen liegen in unserem Verst\u00e4ndnis nicht bei einer einzelnen Person, sondern sind mit dem gesamten beteiligten sozialen System \u2013 also beispielsweise Team, Abteilung oder <\/span><span style=\"color: #000000;\">Unternehmen \u2013 verbunden.<\/span><\/p>\n<p><b><span style=\"color: #1671af;\">konstruktiv<\/span>:<\/b><\/p>\n<p><span style=\"color: #000000;\">Unsere Beratungsangebote folgen einer intensiven L\u00f6sungs- und Ressourcenorientierung. Daher stehen die Ziele und M\u00f6glichkeiten unserer Kunden im Fokus. Dies erm\u00f6glicht neue L\u00f6sungen, <\/span><span style=\"color: #000000;\">die sowohl anspruchsvoll als auch realistisch sind.<\/span><\/p>\n<p><span style=\"color: #000000;\">Warum es sinnvoll ist, uns zu kontaktieren, erfahren Sie<\/span> <a title=\"Warum hahnzog?\" href=\"http:\/\/www.hahnzog.de\/organisationsberatung\/warum-hahnzog\"><span style=\"color: #1671af;\">hier<\/span><\/a>.<\/p>\n","protected":false},"excerpt":{"rendered":"<p>Folgende Haltungen beschreiben die Grunds\u00e4tze unserer Arbeit: professionell: Unsere Beratungsangebote gr\u00fcnden auf einer vertieften wissenschaftlichen Basis, die allerdings nichts wert w\u00e4re, ohne den lebensnahen Praxisbezug, der unser gesamtes Leistungsspektrum auszeichnet. systemisch: Probleme und L\u00f6sungen liegen in unserem Verst\u00e4ndnis nicht bei<\/p>\n","protected":false},"author":1,"featured_media":0,"parent":0,"menu_order":2,"comment_status":"closed","ping_status":"closed","template":"","meta":{"footnotes":""},"class_list":["post-27","page","type-page","status-publish","hentry"],"yoast_head":"<!-- This site is optimized with the Yoast SEO plugin v27.4 - https:\/\/yoast.com\/product\/yoast-seo-wordpress\/ -->\n<title>\u00dcber hahnzog - hahnzog - organisationsberatung<\/title>\n<meta name=\"robots\" content=\"index, follow, max-snippet:-1, max-image-preview:large, max-video-preview:-1\" \/>\n<link rel=\"canonical\" href=\"https:\/\/www.hahnzog.de\/organisationsberatung\/hahnzog\" \/>\n<meta property=\"og:locale\" content=\"de_DE\" \/>\n<meta property=\"og:type\" content=\"article\" \/>\n<meta property=\"og:title\" content=\"\u00dcber hahnzog - hahnzog - organisationsberatung\" \/>\n<meta property=\"og:description\" content=\"Folgende Haltungen beschreiben die Grunds\u00e4tze unserer Arbeit: professionell: Unsere Beratungsangebote gr\u00fcnden auf einer vertieften wissenschaftlichen Basis, die allerdings nichts wert w\u00e4re, ohne den lebensnahen Praxisbezug, der unser gesamtes Leistungsspektrum auszeichnet. systemisch: Probleme und L\u00f6sungen liegen in unserem Verst\u00e4ndnis nicht bei\" \/>\n<meta property=\"og:url\" content=\"https:\/\/www.hahnzog.de\/organisationsberatung\/hahnzog\" \/>\n<meta property=\"og:site_name\" content=\"hahnzog - organisationsberatung\" \/>\n<meta property=\"article:modified_time\" content=\"2022-01-25T16:39:41+00:00\" \/>\n<meta name=\"twitter:card\" content=\"summary_large_image\" \/>\n<meta name=\"twitter:label1\" content=\"Gesch\u00e4tzte Lesezeit\" \/>\n\t<meta name=\"twitter:data1\" content=\"1\u00a0Minute\" \/>\n<script type=\"application\/ld+json\" class=\"yoast-schema-graph\">{\"@context\":\"https:\\\/\\\/schema.org\",\"@graph\":[{\"@type\":\"WebPage\",\"@id\":\"https:\\\/\\\/www.hahnzog.de\\\/organisationsberatung\\\/hahnzog\",\"url\":\"https:\\\/\\\/www.hahnzog.de\\\/organisationsberatung\\\/hahnzog\",\"name\":\"\u00dcber hahnzog - hahnzog - organisationsberatung\",\"isPartOf\":{\"@id\":\"https:\\\/\\\/www.hahnzog.de\\\/organisationsberatung\\\/#website\"},\"datePublished\":\"2011-05-10T10:16:45+00:00\",\"dateModified\":\"2022-01-25T16:39:41+00:00\",\"breadcrumb\":{\"@id\":\"https:\\\/\\\/www.hahnzog.de\\\/organisationsberatung\\\/hahnzog#breadcrumb\"},\"inLanguage\":\"de\",\"potentialAction\":[{\"@type\":\"ReadAction\",\"target\":[\"https:\\\/\\\/www.hahnzog.de\\\/organisationsberatung\\\/hahnzog\"]}]},{\"@type\":\"BreadcrumbList\",\"@id\":\"https:\\\/\\\/www.hahnzog.de\\\/organisationsberatung\\\/hahnzog#breadcrumb\",\"itemListElement\":[{\"@type\":\"ListItem\",\"position\":1,\"name\":\"Startseite\",\"item\":\"https:\\\/\\\/www.hahnzog.de\\\/organisationsberatung\\\/\"},{\"@type\":\"ListItem\",\"position\":2,\"name\":\"\u00dcber hahnzog\"}]},{\"@type\":\"WebSite\",\"@id\":\"https:\\\/\\\/www.hahnzog.de\\\/organisationsberatung\\\/#website\",\"url\":\"https:\\\/\\\/www.hahnzog.de\\\/organisationsberatung\\\/\",\"name\":\"hahnzog - organisationsberatung\",\"description\":\"Gesunde Unternehmen gestalten\",\"publisher\":{\"@id\":\"https:\\\/\\\/www.hahnzog.de\\\/organisationsberatung\\\/#organization\"},\"potentialAction\":[{\"@type\":\"SearchAction\",\"target\":{\"@type\":\"EntryPoint\",\"urlTemplate\":\"https:\\\/\\\/www.hahnzog.de\\\/organisationsberatung\\\/?s={search_term_string}\"},\"query-input\":{\"@type\":\"PropertyValueSpecification\",\"valueRequired\":true,\"valueName\":\"search_term_string\"}}],\"inLanguage\":\"de\"},{\"@type\":\"Organization\",\"@id\":\"https:\\\/\\\/www.hahnzog.de\\\/organisationsberatung\\\/#organization\",\"name\":\"hahnzog Organisationsberatung\",\"url\":\"https:\\\/\\\/www.hahnzog.de\\\/organisationsberatung\\\/\",\"logo\":{\"@type\":\"ImageObject\",\"inLanguage\":\"de\",\"@id\":\"https:\\\/\\\/www.hahnzog.de\\\/organisationsberatung\\\/#\\\/schema\\\/logo\\\/image\\\/\",\"url\":\"https:\\\/\\\/www.hahnzog.de\\\/organisationsberatung\\\/wp-content\\\/uploads\\\/2017\\\/07\\\/Logo_Hahnzog.png\",\"contentUrl\":\"https:\\\/\\\/www.hahnzog.de\\\/organisationsberatung\\\/wp-content\\\/uploads\\\/2017\\\/07\\\/Logo_Hahnzog.png\",\"width\":286,\"height\":98,\"caption\":\"hahnzog Organisationsberatung\"},\"image\":{\"@id\":\"https:\\\/\\\/www.hahnzog.de\\\/organisationsberatung\\\/#\\\/schema\\\/logo\\\/image\\\/\"}}]}<\/script>\n<!-- \/ Yoast SEO plugin. -->","yoast_head_json":{"title":"\u00dcber hahnzog - hahnzog - organisationsberatung","robots":{"index":"index","follow":"follow","max-snippet":"max-snippet:-1","max-image-preview":"max-image-preview:large","max-video-preview":"max-video-preview:-1"},"canonical":"https:\/\/www.hahnzog.de\/organisationsberatung\/hahnzog","og_locale":"de_DE","og_type":"article","og_title":"\u00dcber hahnzog - hahnzog - organisationsberatung","og_description":"Folgende Haltungen beschreiben die Grunds\u00e4tze unserer Arbeit: professionell: Unsere Beratungsangebote gr\u00fcnden auf einer vertieften wissenschaftlichen Basis, die allerdings nichts wert w\u00e4re, ohne den lebensnahen Praxisbezug, der unser gesamtes Leistungsspektrum auszeichnet. systemisch: Probleme und L\u00f6sungen liegen in unserem Verst\u00e4ndnis nicht bei","og_url":"https:\/\/www.hahnzog.de\/organisationsberatung\/hahnzog","og_site_name":"hahnzog - organisationsberatung","article_modified_time":"2022-01-25T16:39:41+00:00","twitter_card":"summary_large_image","twitter_misc":{"Gesch\u00e4tzte Lesezeit":"1\u00a0Minute"},"schema":{"@context":"https:\/\/schema.org","@graph":[{"@type":"WebPage","@id":"https:\/\/www.hahnzog.de\/organisationsberatung\/hahnzog","url":"https:\/\/www.hahnzog.de\/organisationsberatung\/hahnzog","name":"\u00dcber hahnzog - hahnzog - organisationsberatung","isPartOf":{"@id":"https:\/\/www.hahnzog.de\/organisationsberatung\/#website"},"datePublished":"2011-05-10T10:16:45+00:00","dateModified":"2022-01-25T16:39:41+00:00","breadcrumb":{"@id":"https:\/\/www.hahnzog.de\/organisationsberatung\/hahnzog#breadcrumb"},"inLanguage":"de","potentialAction":[{"@type":"ReadAction","target":["https:\/\/www.hahnzog.de\/organisationsberatung\/hahnzog"]}]},{"@type":"BreadcrumbList","@id":"https:\/\/www.hahnzog.de\/organisationsberatung\/hahnzog#breadcrumb","itemListElement":[{"@type":"ListItem","position":1,"name":"Startseite","item":"https:\/\/www.hahnzog.de\/organisationsberatung\/"},{"@type":"ListItem","position":2,"name":"\u00dcber hahnzog"}]},{"@type":"WebSite","@id":"https:\/\/www.hahnzog.de\/organisationsberatung\/#website","url":"https:\/\/www.hahnzog.de\/organisationsberatung\/","name":"hahnzog - organisationsberatung","description":"Gesunde Unternehmen gestalten","publisher":{"@id":"https:\/\/www.hahnzog.de\/organisationsberatung\/#organization"},"potentialAction":[{"@type":"SearchAction","target":{"@type":"EntryPoint","urlTemplate":"https:\/\/www.hahnzog.de\/organisationsberatung\/?s={search_term_string}"},"query-input":{"@type":"PropertyValueSpecification","valueRequired":true,"valueName":"search_term_string"}}],"inLanguage":"de"},{"@type":"Organization","@id":"https:\/\/www.hahnzog.de\/organisationsberatung\/#organization","name":"hahnzog Organisationsberatung","url":"https:\/\/www.hahnzog.de\/organisationsberatung\/","logo":{"@type":"ImageObject","inLanguage":"de","@id":"https:\/\/www.hahnzog.de\/organisationsberatung\/#\/schema\/logo\/image\/","url":"https:\/\/www.hahnzog.de\/organisationsberatung\/wp-content\/uploads\/2017\/07\/Logo_Hahnzog.png","contentUrl":"https:\/\/www.hahnzog.de\/organisationsberatung\/wp-content\/uploads\/2017\/07\/Logo_Hahnzog.png","width":286,"height":98,"caption":"hahnzog Organisationsberatung"},"image":{"@id":"https:\/\/www.hahnzog.de\/organisationsberatung\/#\/schema\/logo\/image\/"}}]}},"_links":{"self":[{"href":"https:\/\/www.hahnzog.de\/organisationsberatung\/wp-json\/wp\/v2\/pages\/27","targetHints":{"allow":["GET"]}}],"collection":[{"href":"https:\/\/www.hahnzog.de\/organisationsberatung\/wp-json\/wp\/v2\/pages"}],"about":[{"href":"https:\/\/www.hahnzog.de\/organisationsberatung\/wp-json\/wp\/v2\/types\/page"}],"author":[{"embeddable":true,"href":"https:\/\/www.hahnzog.de\/organisationsberatung\/wp-json\/wp\/v2\/users\/1"}],"replies":[{"embeddable":true,"href":"https:\/\/www.hahnzog.de\/organisationsberatung\/wp-json\/wp\/v2\/comments?post=27"}],"version-history":[{"count":21,"href":"https:\/\/www.hahnzog.de\/organisationsberatung\/wp-json\/wp\/v2\/pages\/27\/revisions"}],"predecessor-version":[{"id":3336,"href":"https:\/\/www.hahnzog.de\/organisationsberatung\/wp-json\/wp\/v2\/pages\/27\/revisions\/3336"}],"wp:attachment":[{"href":"https:\/\/www.hahnzog.de\/organisationsberatung\/wp-json\/wp\/v2\/media?parent=27"}],"curies":[{"name":"wp","href":"https:\/\/api.w.org\/{rel}","templated":true}]}}