{"id":276,"date":"2011-06-14T16:49:59","date_gmt":"2011-06-14T14:49:59","guid":{"rendered":"http:\/\/www.hahnzog.de\/organisationsberatung\/?page_id=276"},"modified":"2014-03-07T14:29:16","modified_gmt":"2014-03-07T13:29:16","slug":"andere-autoren","status":"publish","type":"page","link":"https:\/\/www.hahnzog.de\/organisationsberatung\/literatur\/andere-autoren","title":{"rendered":"Andere Autoren"},"content":{"rendered":"<p>&nbsp;<\/p>\n<p>F\u00fcr einen raschen Einblick, finden Sie zu den einzelnen Titeln kurze Kommentare oder Abstracts, die unseren Eindruck der Inhalte widerspiegeln. Hierzu einfach auf den jeweiligen Buchtitel klicken &#8211; Viel Spa\u00df beim Lesen und Vertiefen!<\/p>\n<p>&nbsp;<\/p>\n<ul>\n<li>Antons, K. (2011). <a title=\"Antons: Praxis der Gruppendynamik\" href=\"http:\/\/www.hahnzog.de\/organisationsberatung\/antons-praxis-der-gruppendynamik\"><em>Praxis der Gruppendynamik: \u00dcbungen und Techniken<\/em><\/a>. G\u00f6ttingen: Hogrefe.<\/li>\n<\/ul>\n<ul>\n<li>Fischer-Epe, M. (2011). <a title=\"Fischer-Epe: Coaching\" href=\"http:\/\/www.hahnzog.de\/organisationsberatung\/fischer-epe-coaching\"><em>Coaching: Miteinander Ziele erreichen<\/em><\/a>. Hamburg: rororo.<\/li>\n<\/ul>\n<ul>\n<li>Gerrig, R.J. &amp; Zimbardo, P.G. (2008). <a title=\"Zimbardo &amp; Gerrig: Psychologie\" href=\"http:\/\/www.hahnzog.de\/organisationsberatung\/zimbardo-gerrig-psychologie\"><em>Psychologie<\/em><\/a>. M\u00fcnchen: Pearson.<\/li>\n<\/ul>\n<ul>\n<li>Goffman, E. (2003). <a title=\"Goffman: Wir alle spielen Theater\" href=\"http:\/\/www.hahnzog.de\/organisationsberatung\/goffman-wir-alle-spielen-theater\"><em>Wir alle spielen Theater. Die Selbstdarstellung im Alltag<\/em><\/a>. M\u00fcnchen: Piper.<\/li>\n<\/ul>\n<ul>\n<li>Gordon, T. (2005). <em>Managerkonferenz: Effektives F\u00fchrungstraining<\/em>. M\u00fcnchen: Heyne.<\/li>\n<\/ul>\n<ul>\n<li>Kriz, W.C. (2000). <em><a title=\"Kriz. Lernziel: Systemkompetenz. Planspiele als Trainingsmethode.\" href=\"http:\/\/www.hahnzog.de\/organisationsberatung\/kriz-lernziel-systemkompetenz-planspiele-als-trainingsmethode\">Lernziel: Systemkompetenz. Planspiele als Trainingsmethode<\/a>.<\/em> G\u00f6ttingen: Vandenhoek &amp; Rupprecht.<\/li>\n<\/ul>\n<ul>\n<li>Prior, M. (2007). <a title=\"Prior: Mini-Max Interventionen\" href=\"http:\/\/www.hahnzog.de\/organisationsberatung\/prior-mini-max-interventionen\"><em>Mini-Max Interventionen<\/em><\/a>. Heidelberg: Carl-Auer.<\/li>\n<\/ul>\n<ul>\n<li>Schlippe, A.v. &amp; Schweitzer J. (2003). <a title=\"Prior: Mini-Max Interventionen\" href=\"http:\/\/www.hahnzog.de\/organisationsberatung\/prior-mini-max-interventionen\"><em>Lehrbuch der systemischen Beratung<\/em><\/a>. G\u00f6ttingen: Vandenhoek &amp; Rupprecht.<\/li>\n<\/ul>\n<ul>\n<li>Schulz v. Thun, F.\u00a0 (2011). <a title=\"Schulz von Thun: Miteinander Reden\" href=\"http:\/\/www.hahnzog.de\/organisationsberatung\/schulz-von-thun-miteinander-reden-i-iii\"><em>Miteinander reden 1-3<\/em><\/a>. Hamburg: rororo.<\/li>\n<\/ul>\n<ul>\n<li>Walker, W. (2011). <a title=\"Walker. Abenteuer Kommunikation.\" href=\"http:\/\/www.hahnzog.de\/organisationsberatung\/walker-abenteuer-kommunikation\"><em>Abenteuer Kommunikation: Bateson, Pearls, Satir, Erickson und die Anf\u00e4nge des Neurolinguistischen Programmierens (NLP)<\/em><\/a>. Stuttgart: Klett-Cotta.<\/li>\n<\/ul>\n<ul>\n<li>Watzlawick, P. (2009). <a title=\"Watzlawick: Anleitung zum Ungl\u00fccklichsein\" href=\"http:\/\/www.hahnzog.de\/organisationsberatung\/watzlawick-anleitung-zum-unglucklichsein\"><em>Anleitung zum Ungl\u00fccklichsein<\/em><\/a>. M\u00fcnchen: Piper.<\/li>\n<\/ul>\n<p>&nbsp;<\/p>\n<p>Unsere Literaturempfehlungen werden best\u00e4ndig erg\u00e4nzt und erweitert, daher freuen wir uns \u00fcber Literaturtipps von Ihnen. Gerne geben wir Ihnen auch individuelle Empfehlungen zu Ihrem Thema &#8211; wir freuen uns auf Ihren <a title=\"Kontakt\" href=\"http:\/\/www.hahnzog.de\/organisationsberatung\/kontakt\">Kontakt<\/a>.<\/p>\n<p>&nbsp;<\/p>\n<p>&nbsp;<\/p>\n<p><a href=\"#top\" rel=\"nofollow\">Nach oben<\/a><\/p>\n","protected":false},"excerpt":{"rendered":"<p>&nbsp; F\u00fcr einen raschen Einblick, finden Sie zu den einzelnen Titeln kurze Kommentare oder Abstracts, die unseren Eindruck der Inhalte widerspiegeln. Hierzu einfach auf den jeweiligen Buchtitel klicken &#8211; Viel Spa\u00df beim Lesen und Vertiefen! &nbsp; Antons, K. (2011). Praxis<\/p>\n","protected":false},"author":1,"featured_media":0,"parent":34,"menu_order":2,"comment_status":"closed","ping_status":"closed","template":"","meta":{"footnotes":""},"class_list":["post-276","page","type-page","status-publish","hentry"],"yoast_head":"<!-- This site is optimized with the Yoast SEO plugin v27.4 - https:\/\/yoast.com\/product\/yoast-seo-wordpress\/ -->\n<title>Andere Autoren - hahnzog - organisationsberatung<\/title>\n<meta name=\"robots\" content=\"index, follow, max-snippet:-1, max-image-preview:large, max-video-preview:-1\" \/>\n<link rel=\"canonical\" href=\"https:\/\/www.hahnzog.de\/organisationsberatung\/literatur\/andere-autoren\" \/>\n<meta property=\"og:locale\" content=\"de_DE\" \/>\n<meta property=\"og:type\" content=\"article\" \/>\n<meta property=\"og:title\" content=\"Andere Autoren - hahnzog - organisationsberatung\" \/>\n<meta property=\"og:description\" content=\"&nbsp; F\u00fcr einen raschen Einblick, finden Sie zu den einzelnen Titeln kurze Kommentare oder Abstracts, die unseren Eindruck der Inhalte widerspiegeln. Hierzu einfach auf den jeweiligen Buchtitel klicken &#8211; Viel Spa\u00df beim Lesen und Vertiefen! &nbsp; Antons, K. (2011). Praxis\" \/>\n<meta property=\"og:url\" content=\"https:\/\/www.hahnzog.de\/organisationsberatung\/literatur\/andere-autoren\" \/>\n<meta property=\"og:site_name\" content=\"hahnzog - organisationsberatung\" \/>\n<meta property=\"article:modified_time\" content=\"2014-03-07T13:29:16+00:00\" \/>\n<meta name=\"twitter:card\" content=\"summary_large_image\" \/>\n<meta name=\"twitter:label1\" content=\"Gesch\u00e4tzte Lesezeit\" \/>\n\t<meta name=\"twitter:data1\" content=\"1\u00a0Minute\" \/>\n<script type=\"application\/ld+json\" class=\"yoast-schema-graph\">{\"@context\":\"https:\\\/\\\/schema.org\",\"@graph\":[{\"@type\":\"WebPage\",\"@id\":\"https:\\\/\\\/www.hahnzog.de\\\/organisationsberatung\\\/literatur\\\/andere-autoren\",\"url\":\"https:\\\/\\\/www.hahnzog.de\\\/organisationsberatung\\\/literatur\\\/andere-autoren\",\"name\":\"Andere Autoren - hahnzog - organisationsberatung\",\"isPartOf\":{\"@id\":\"https:\\\/\\\/www.hahnzog.de\\\/organisationsberatung\\\/#website\"},\"datePublished\":\"2011-06-14T14:49:59+00:00\",\"dateModified\":\"2014-03-07T13:29:16+00:00\",\"breadcrumb\":{\"@id\":\"https:\\\/\\\/www.hahnzog.de\\\/organisationsberatung\\\/literatur\\\/andere-autoren#breadcrumb\"},\"inLanguage\":\"de\",\"potentialAction\":[{\"@type\":\"ReadAction\",\"target\":[\"https:\\\/\\\/www.hahnzog.de\\\/organisationsberatung\\\/literatur\\\/andere-autoren\"]}]},{\"@type\":\"BreadcrumbList\",\"@id\":\"https:\\\/\\\/www.hahnzog.de\\\/organisationsberatung\\\/literatur\\\/andere-autoren#breadcrumb\",\"itemListElement\":[{\"@type\":\"ListItem\",\"position\":1,\"name\":\"Startseite\",\"item\":\"https:\\\/\\\/www.hahnzog.de\\\/organisationsberatung\\\/\"},{\"@type\":\"ListItem\",\"position\":2,\"name\":\"Literatur\",\"item\":\"https:\\\/\\\/www.hahnzog.de\\\/organisationsberatung\\\/literatur\"},{\"@type\":\"ListItem\",\"position\":3,\"name\":\"Andere Autoren\"}]},{\"@type\":\"WebSite\",\"@id\":\"https:\\\/\\\/www.hahnzog.de\\\/organisationsberatung\\\/#website\",\"url\":\"https:\\\/\\\/www.hahnzog.de\\\/organisationsberatung\\\/\",\"name\":\"hahnzog - organisationsberatung\",\"description\":\"Gesunde Unternehmen gestalten\",\"publisher\":{\"@id\":\"https:\\\/\\\/www.hahnzog.de\\\/organisationsberatung\\\/#organization\"},\"potentialAction\":[{\"@type\":\"SearchAction\",\"target\":{\"@type\":\"EntryPoint\",\"urlTemplate\":\"https:\\\/\\\/www.hahnzog.de\\\/organisationsberatung\\\/?s={search_term_string}\"},\"query-input\":{\"@type\":\"PropertyValueSpecification\",\"valueRequired\":true,\"valueName\":\"search_term_string\"}}],\"inLanguage\":\"de\"},{\"@type\":\"Organization\",\"@id\":\"https:\\\/\\\/www.hahnzog.de\\\/organisationsberatung\\\/#organization\",\"name\":\"hahnzog Organisationsberatung\",\"url\":\"https:\\\/\\\/www.hahnzog.de\\\/organisationsberatung\\\/\",\"logo\":{\"@type\":\"ImageObject\",\"inLanguage\":\"de\",\"@id\":\"https:\\\/\\\/www.hahnzog.de\\\/organisationsberatung\\\/#\\\/schema\\\/logo\\\/image\\\/\",\"url\":\"https:\\\/\\\/www.hahnzog.de\\\/organisationsberatung\\\/wp-content\\\/uploads\\\/2017\\\/07\\\/Logo_Hahnzog.png\",\"contentUrl\":\"https:\\\/\\\/www.hahnzog.de\\\/organisationsberatung\\\/wp-content\\\/uploads\\\/2017\\\/07\\\/Logo_Hahnzog.png\",\"width\":286,\"height\":98,\"caption\":\"hahnzog Organisationsberatung\"},\"image\":{\"@id\":\"https:\\\/\\\/www.hahnzog.de\\\/organisationsberatung\\\/#\\\/schema\\\/logo\\\/image\\\/\"}}]}<\/script>\n<!-- \/ Yoast SEO plugin. -->","yoast_head_json":{"title":"Andere Autoren - hahnzog - organisationsberatung","robots":{"index":"index","follow":"follow","max-snippet":"max-snippet:-1","max-image-preview":"max-image-preview:large","max-video-preview":"max-video-preview:-1"},"canonical":"https:\/\/www.hahnzog.de\/organisationsberatung\/literatur\/andere-autoren","og_locale":"de_DE","og_type":"article","og_title":"Andere Autoren - hahnzog - organisationsberatung","og_description":"&nbsp; F\u00fcr einen raschen Einblick, finden Sie zu den einzelnen Titeln kurze Kommentare oder Abstracts, die unseren Eindruck der Inhalte widerspiegeln. Hierzu einfach auf den jeweiligen Buchtitel klicken &#8211; Viel Spa\u00df beim Lesen und Vertiefen! &nbsp; Antons, K. (2011). Praxis","og_url":"https:\/\/www.hahnzog.de\/organisationsberatung\/literatur\/andere-autoren","og_site_name":"hahnzog - organisationsberatung","article_modified_time":"2014-03-07T13:29:16+00:00","twitter_card":"summary_large_image","twitter_misc":{"Gesch\u00e4tzte Lesezeit":"1\u00a0Minute"},"schema":{"@context":"https:\/\/schema.org","@graph":[{"@type":"WebPage","@id":"https:\/\/www.hahnzog.de\/organisationsberatung\/literatur\/andere-autoren","url":"https:\/\/www.hahnzog.de\/organisationsberatung\/literatur\/andere-autoren","name":"Andere Autoren - hahnzog - organisationsberatung","isPartOf":{"@id":"https:\/\/www.hahnzog.de\/organisationsberatung\/#website"},"datePublished":"2011-06-14T14:49:59+00:00","dateModified":"2014-03-07T13:29:16+00:00","breadcrumb":{"@id":"https:\/\/www.hahnzog.de\/organisationsberatung\/literatur\/andere-autoren#breadcrumb"},"inLanguage":"de","potentialAction":[{"@type":"ReadAction","target":["https:\/\/www.hahnzog.de\/organisationsberatung\/literatur\/andere-autoren"]}]},{"@type":"BreadcrumbList","@id":"https:\/\/www.hahnzog.de\/organisationsberatung\/literatur\/andere-autoren#breadcrumb","itemListElement":[{"@type":"ListItem","position":1,"name":"Startseite","item":"https:\/\/www.hahnzog.de\/organisationsberatung\/"},{"@type":"ListItem","position":2,"name":"Literatur","item":"https:\/\/www.hahnzog.de\/organisationsberatung\/literatur"},{"@type":"ListItem","position":3,"name":"Andere Autoren"}]},{"@type":"WebSite","@id":"https:\/\/www.hahnzog.de\/organisationsberatung\/#website","url":"https:\/\/www.hahnzog.de\/organisationsberatung\/","name":"hahnzog - organisationsberatung","description":"Gesunde Unternehmen gestalten","publisher":{"@id":"https:\/\/www.hahnzog.de\/organisationsberatung\/#organization"},"potentialAction":[{"@type":"SearchAction","target":{"@type":"EntryPoint","urlTemplate":"https:\/\/www.hahnzog.de\/organisationsberatung\/?s={search_term_string}"},"query-input":{"@type":"PropertyValueSpecification","valueRequired":true,"valueName":"search_term_string"}}],"inLanguage":"de"},{"@type":"Organization","@id":"https:\/\/www.hahnzog.de\/organisationsberatung\/#organization","name":"hahnzog Organisationsberatung","url":"https:\/\/www.hahnzog.de\/organisationsberatung\/","logo":{"@type":"ImageObject","inLanguage":"de","@id":"https:\/\/www.hahnzog.de\/organisationsberatung\/#\/schema\/logo\/image\/","url":"https:\/\/www.hahnzog.de\/organisationsberatung\/wp-content\/uploads\/2017\/07\/Logo_Hahnzog.png","contentUrl":"https:\/\/www.hahnzog.de\/organisationsberatung\/wp-content\/uploads\/2017\/07\/Logo_Hahnzog.png","width":286,"height":98,"caption":"hahnzog Organisationsberatung"},"image":{"@id":"https:\/\/www.hahnzog.de\/organisationsberatung\/#\/schema\/logo\/image\/"}}]}},"_links":{"self":[{"href":"https:\/\/www.hahnzog.de\/organisationsberatung\/wp-json\/wp\/v2\/pages\/276","targetHints":{"allow":["GET"]}}],"collection":[{"href":"https:\/\/www.hahnzog.de\/organisationsberatung\/wp-json\/wp\/v2\/pages"}],"about":[{"href":"https:\/\/www.hahnzog.de\/organisationsberatung\/wp-json\/wp\/v2\/types\/page"}],"author":[{"embeddable":true,"href":"https:\/\/www.hahnzog.de\/organisationsberatung\/wp-json\/wp\/v2\/users\/1"}],"replies":[{"embeddable":true,"href":"https:\/\/www.hahnzog.de\/organisationsberatung\/wp-json\/wp\/v2\/comments?post=276"}],"version-history":[{"count":10,"href":"https:\/\/www.hahnzog.de\/organisationsberatung\/wp-json\/wp\/v2\/pages\/276\/revisions"}],"predecessor-version":[{"id":1509,"href":"https:\/\/www.hahnzog.de\/organisationsberatung\/wp-json\/wp\/v2\/pages\/276\/revisions\/1509"}],"up":[{"embeddable":true,"href":"https:\/\/www.hahnzog.de\/organisationsberatung\/wp-json\/wp\/v2\/pages\/34"}],"wp:attachment":[{"href":"https:\/\/www.hahnzog.de\/organisationsberatung\/wp-json\/wp\/v2\/media?parent=276"}],"curies":[{"name":"wp","href":"https:\/\/api.w.org\/{rel}","templated":true}]}}