{"id":3074,"date":"2019-03-29T17:09:28","date_gmt":"2019-03-29T16:09:28","guid":{"rendered":"http:\/\/www.hahnzog.de\/organisationsberatung\/?page_id=3074"},"modified":"2022-01-26T10:18:08","modified_gmt":"2022-01-26T09:18:08","slug":"datenschutzerklaerung","status":"publish","type":"page","link":"https:\/\/www.hahnzog.de\/organisationsberatung\/datenschutzerklaerung","title":{"rendered":"Datenschutzerkl\u00e4rung"},"content":{"rendered":"<p><span style=\"color: #000000;\">Die Adresse dieser Website ist: http:\/\/www.hahnzog.de\/organisationsberatung.<\/span><\/p>\n<p><span style=\"color: #000000;\">Diese Datenschutzerkl\u00e4rung gilt f\u00fcr die Datenverarbeitung durch:<\/span><\/p>\n<p><span style=\"color: #000000;\">Veranwortlicher:<\/span><\/p>\n<p><span style=\"color: #000000;\">hahnzog &#8211; organisationsberatung, Dr. Simon Hahnzog, Tegernseer Landstr. 98, 81539 M\u00fcnchen<\/span><\/p>\n<p><span style=\"color: #000000;\">Datenschutzbeauftragter: Dr. Simon Hahnzog<\/span><\/p>\n<h2>Welche personenbezogenen Daten gesammelt werden und warum<\/h2>\n<p><span style=\"color: #000000;\"><strong>Beim Besuch der Website<\/strong><\/span><\/p>\n<p><span style=\"color: #000000;\">Beim Aufrufen unserer Website http:\/\/www.hahnzog.de\/organisationsberatung werden durch den auf Ihrem Endger\u00e4t zum Einsatz kommenden Browser automatisch Informationen an den Server unserer Website gesendet. Diese Informationen werden tempor\u00e4r in einem sog. Logfile gespeichert. Folgende Informationen werden dabei ohne Ihr Zutun erfasst und bis zur automatisierten L\u00f6schung gespeichert:<\/span><\/p>\n<ul>\n<li><span style=\"color: #000000;\">IP-Adresse des anfragenden Rechners,<\/span><\/li>\n<li><span style=\"color: #000000;\">Datum und Uhrzeit des Zugriffs,<\/span><\/li>\n<li><span style=\"color: #000000;\">Name und URL der abgerufenen Datei,<\/span><\/li>\n<li><span style=\"color: #000000;\">Website, von der aus der Zugriff erfolgt (Referrer-URL),<\/span><\/li>\n<li><span style=\"color: #000000;\">verwendeter Browser und ggf. das Betriebssystem Ihres Rechners sowie der Name Ihres Access-Providers.<\/span><\/li>\n<\/ul>\n<p><span style=\"color: #000000;\">Die genannten Daten werden durch uns zu folgenden Zwecken verarbeitet:<\/span><\/p>\n<ul>\n<li><span style=\"color: #000000;\">Gew\u00e4hrleistung eines reibungslosen Verbindungsaufbaus der Website,<\/span><\/li>\n<li><span style=\"color: #000000;\">Gew\u00e4hrleistung einer komfortablen Nutzung unserer Website, Auswertung der Systemsicherheit und -stabilit\u00e4t sowie<\/span><\/li>\n<li><span style=\"color: #000000;\">zu weiteren administrativen Zwecken.<\/span><\/li>\n<\/ul>\n<p><span style=\"color: #000000;\">Die Rechtsgrundlage f\u00fcr die Datenverarbeitung ist Art. 6 Abs. 1 S. 1 lit. f DSGVO. Unser berechtigtes Interesse folgt aus oben aufgelisteten Zwecken zur Datenerhebung. In keinem Fall verwenden wir die erhobenen Daten zu dem Zweck, R\u00fcckschl\u00fcsse auf Ihre Person zu ziehen.<\/span><\/p>\n<p><span style=\"color: #000000;\"><strong>Kontaktformular<\/strong><\/span><\/p>\n<p><span style=\"color: #000000;\">Bei Fragen jeglicher Art bieten wir Ihnen die M\u00f6glichkeit, mit uns \u00fcber ein auf der Website bereitgestelltes Formular Kontakt aufzunehmen. Dabei ist die Angabe Ihres Namens, einer g\u00fcltigen E-Mail-Adresse sowie einer Telefonnummer erforderlich, damit wir wissen, von wem die Anfrage stammt und um diese beantworten zu k\u00f6nnen. Weitere Angaben k\u00f6nnen freiwillig get\u00e4tigt werden.<\/span><br \/>\n<span style=\"color: #000000;\">Die Datenverarbeitung zum Zwecke der Kontaktaufnahme mit uns erfolgt nach Art. 6 Abs. 1 S. 1 lit. a DSGVO auf Grundlage Ihrer freiwillig erteilten Einwilligung.<\/span><\/p>\n<p><span style=\"color: #000000;\">Die f\u00fcr die Benutzung des Kontaktformulars von uns erhobenen personenbezogenen Daten werden nach Erledigung der von Ihnen gestellten Anfrage gel\u00f6scht.<\/span><\/p>\n<p><span style=\"color: #000000;\"><strong>Eingebettete Inhalte von anderen Websites<\/strong><\/span><\/p>\n<p><span style=\"color: #000000;\">Beitr\u00e4ge auf dieser Website k\u00f6nnen eingebettete Inhalte beinhalten (z.&nbsp;B. Videos, Bilder, Beitr\u00e4ge etc.). Eingebettete Inhalte von anderen Websites verhalten sich exakt so, als ob der Besucher die andere Website besucht h\u00e4tte.<\/span><\/p>\n<p><span style=\"color: #000000;\">Diese Websites k\u00f6nnen Daten \u00fcber Sie sammeln, Cookies benutzen, zus\u00e4tzliche Tracking-Dienste von Dritten einbetten und Ihre Interaktion mit diesem eingebetteten Inhalt aufzeichnen, inklusive Ihrer Interaktion mit dem dort eingebetteten Inhalt. In diesen F\u00e4llen wird auf die Datenschutzerkl\u00e4rung der entsprechenden Website verwiesen.<\/span><\/p>\n<p><span style=\"color: #000000;\"><strong>Betroffenenrechte<\/strong><\/span><\/p>\n<p><span style=\"color: #000000;\">Sie haben das Recht:<\/span><\/p>\n<ul>\n<li><span style=\"color: #000000;\">gem\u00e4\u00df Art. 15 DSGVO Auskunft \u00fcber Ihre von uns verarbeiteten personenbezogenen Daten zu verlangen. Insbesondere k\u00f6nnen Sie Auskunft \u00fcber die Verarbeitungszwecke, die Kategorie der personenbezogenen Daten, die Kategorien von Empf\u00e4ngern, gegen\u00fcber denen Ihre Daten offengelegt wurden oder werden, die geplante Speicherdauer, das Bestehen eines Rechts auf Berichtigung, L\u00f6schung, Einschr\u00e4nkung der Verarbeitung oder Widerspruch, das Bestehen eines Beschwerderechts, die Herkunft ihrer Daten, sofern diese nicht bei uns erhoben wurden, sowie \u00fcber das Bestehen einer automatisierten Entscheidungsfindung einschlie\u00dflich Profiling und ggf. aussagekr\u00e4ftigen Informationen zu deren Einzelheiten verlangen;<\/span><\/li>\n<li><span style=\"color: #000000;\">gem\u00e4\u00df Art. 16 DSGVO unverz\u00fcglich die Berichtigung unrichtiger oder Vervollst\u00e4ndigung Ihrer bei uns gespeicherten personenbezogenen Daten zu verlangen;<\/span><\/li>\n<li><span style=\"color: #000000;\">gem\u00e4\u00df Art. 17 DSGVO die L\u00f6schung Ihrer bei uns gespeicherten personenbezogenen Daten zu verlangen, soweit nicht die Verarbeitung zur Aus\u00fcbung des Rechts auf freie Meinungs\u00e4u\u00dferung und Information, zur Erf\u00fcllung einer rechtlichen Verpflichtung, aus Gr\u00fcnden des \u00f6ffentlichen Interesses oder zur Geltendmachung, Aus\u00fcbung oder Verteidigung von Rechtsanspr\u00fcchen erforderlich ist;<\/span><\/li>\n<li><span style=\"color: #000000;\">gem\u00e4\u00df Art. 18 DSGVO die Einschr\u00e4nkung der Verarbeitung Ihrer personenbezogenen Daten zu verlangen, soweit die Richtigkeit der Daten von Ihnen bestritten wird, die Verarbeitung unrechtm\u00e4\u00dfig ist, Sie aber deren L\u00f6schung ablehnen und wir die Daten nicht mehr ben\u00f6tigen, Sie jedoch diese zur Geltendmachung, Aus\u00fcbung oder Verteidigung von Rechtsanspr\u00fcchen ben\u00f6tigen oder Sie gem\u00e4\u00df Art. 21 DSGVO Widerspruch gegen die Verarbeitung eingelegt haben;<\/span><\/li>\n<li><span style=\"color: #000000;\">gem\u00e4\u00df Art. 20 DSGVO Ihre personenbezogenen Daten, die Sie uns bereitgestellt haben, in einem strukturierten, g\u00e4ngigen und maschinenlesebaren Format zu erhalten oder die \u00dcbermittlung an einen anderen Verantwortlichen zu verlangen;<\/span><\/li>\n<li><span style=\"color: #000000;\">gem\u00e4\u00df Art. 7 Abs. 3 DSGVO Ihre einmal erteilte Einwilligung jederzeit gegen\u00fcber uns zu widerrufen. Dies hat zur Folge, dass wir die Datenverarbeitung, die auf dieser Einwilligung beruhte, f\u00fcr die Zukunft nicht mehr fortf\u00fchren d\u00fcrfen und<\/span><\/li>\n<li><span style=\"color: #000000;\">gem\u00e4\u00df Art. 77 DSGVO sich bei einer Aufsichtsbeh\u00f6rde zu beschweren. In der Regel k\u00f6nnen Sie sich hierf\u00fcr an die Aufsichtsbeh\u00f6rde Ihres \u00fcblichen Aufenthaltsortes oder Arbeitsplatzes oder unseres Verbandssitzes wenden.<\/span><\/li>\n<\/ul>\n<p><span style=\"color: #000000;\"><strong>Widerspruchsrecht<\/strong><\/span><\/p>\n<p><span style=\"color: #000000;\">Sofern Ihre personenbezogenen Daten auf Grundlage von berechtigten Interessen gem\u00e4\u00df Art. 6 Abs. 1 S. 1 lit. f DSGVO verarbeitet werden, haben Sie das Recht, gem\u00e4\u00df Art. 21 DSGVO Widerspruch gegen die Verarbeitung Ihrer personenbezogenen Daten einzulegen, soweit daf\u00fcr Gr\u00fcnde vorliegen, die sich aus Ihrer besonderen Situation ergeben oder sich der Widerspruch gegen Direktwerbung richtet. Im letzteren Fall haben Sie ein generelles Widerspruchsrecht, das ohne Angabe einer besonderen Situation von uns umgesetzt wird.<\/span><\/p>\n<p><span style=\"color: #000000;\">M\u00f6chten Sie von Ihrem Widerrufs- oder Widerspruchsrecht Gebrauch machen, gen\u00fcgt eine E- Mail an kontakt[at]hahnzog.de.<\/span><\/p>\n<p><span style=\"color: #000000;\"><strong>Datensicherheit<\/strong><\/span><\/p>\n<p><span style=\"color: #000000;\">Wir bedienen uns geeigneter technischer und organisatorischer Sicherheitsma\u00dfnahmen, um Ihre Daten gegen zuf\u00e4llige oder vors\u00e4tzliche Manipulationen, teilweisen oder vollst\u00e4ndigen Verlust, Zerst\u00f6rung oder gegen den unbefugten Zugriff Dritter zu sch\u00fctzen. Unsere Sicherheitsma\u00dfnahmen werden entsprechend der technologischen Entwicklung fortlaufend verbessert.<\/span><\/p>\n<p><span style=\"color: #000000;\"><strong>Aktualit\u00e4t und \u00c4nderung dieser Datenschutzerkl\u00e4rung<\/strong><\/span><\/p>\n<p><span style=\"color: #000000;\">Diese Datenschutzerkl\u00e4rung ist aktuell g\u00fcltig und hat den Stand Januar 2022.<\/span><\/p>\n<p><span style=\"color: #000000;\">Durch die Weiterentwicklung unserer Website und Angebote dar\u00fcber oder aufgrund ge\u00e4nderter gesetzlicher beziehungsweise beh\u00f6rdlicher Vorgaben kann es notwendig werden, diese Datenschutzerkl\u00e4rung zu \u00e4ndern. Die jeweils aktuelle Datenschutzerkl\u00e4rung kann jederzeit auf der Website unter http:\/\/www.hahnzog.de\/organisationsberatung von Ihnen abgerufen und ausgedruckt werden.<\/span><\/p>\n","protected":false},"excerpt":{"rendered":"<p>Die Adresse dieser Website ist: http:\/\/www.hahnzog.de\/organisationsberatung. Diese Datenschutzerkl\u00e4rung gilt f\u00fcr die Datenverarbeitung durch: Veranwortlicher: hahnzog &#8211; organisationsberatung, Dr. Simon Hahnzog, Tegernseer Landstr. 98, 81539 M\u00fcnchen Datenschutzbeauftragter: Dr. Simon Hahnzog Welche personenbezogenen Daten gesammelt werden und warum Beim Besuch der Website<\/p>\n","protected":false},"author":1,"featured_media":0,"parent":0,"menu_order":0,"comment_status":"closed","ping_status":"closed","template":"","meta":{"footnotes":""},"class_list":["post-3074","page","type-page","status-publish","hentry"],"yoast_head":"<!-- This site is optimized with the Yoast SEO plugin v27.4 - https:\/\/yoast.com\/product\/yoast-seo-wordpress\/ -->\n<title>Datenschutzerkl\u00e4rung - hahnzog - organisationsberatung<\/title>\n<meta name=\"robots\" content=\"index, follow, max-snippet:-1, max-image-preview:large, max-video-preview:-1\" \/>\n<link rel=\"canonical\" href=\"https:\/\/www.hahnzog.de\/organisationsberatung\/datenschutzerklaerung\" \/>\n<meta property=\"og:locale\" content=\"de_DE\" \/>\n<meta property=\"og:type\" content=\"article\" \/>\n<meta property=\"og:title\" content=\"Datenschutzerkl\u00e4rung - hahnzog - organisationsberatung\" \/>\n<meta property=\"og:description\" content=\"Die Adresse dieser Website ist: http:\/\/www.hahnzog.de\/organisationsberatung. Diese Datenschutzerkl\u00e4rung gilt f\u00fcr die Datenverarbeitung durch: Veranwortlicher: hahnzog &#8211; organisationsberatung, Dr. Simon Hahnzog, Tegernseer Landstr. 98, 81539 M\u00fcnchen Datenschutzbeauftragter: Dr. Simon Hahnzog Welche personenbezogenen Daten gesammelt werden und warum Beim Besuch der Website\" \/>\n<meta property=\"og:url\" content=\"https:\/\/www.hahnzog.de\/organisationsberatung\/datenschutzerklaerung\" \/>\n<meta property=\"og:site_name\" content=\"hahnzog - organisationsberatung\" \/>\n<meta property=\"article:modified_time\" content=\"2022-01-26T09:18:08+00:00\" \/>\n<meta name=\"twitter:card\" content=\"summary_large_image\" \/>\n<meta name=\"twitter:label1\" content=\"Gesch\u00e4tzte Lesezeit\" \/>\n\t<meta name=\"twitter:data1\" content=\"5\u00a0Minuten\" \/>\n<script type=\"application\/ld+json\" class=\"yoast-schema-graph\">{\"@context\":\"https:\\\/\\\/schema.org\",\"@graph\":[{\"@type\":\"WebPage\",\"@id\":\"https:\\\/\\\/www.hahnzog.de\\\/organisationsberatung\\\/datenschutzerklaerung\",\"url\":\"https:\\\/\\\/www.hahnzog.de\\\/organisationsberatung\\\/datenschutzerklaerung\",\"name\":\"Datenschutzerkl\u00e4rung - hahnzog - organisationsberatung\",\"isPartOf\":{\"@id\":\"https:\\\/\\\/www.hahnzog.de\\\/organisationsberatung\\\/#website\"},\"datePublished\":\"2019-03-29T16:09:28+00:00\",\"dateModified\":\"2022-01-26T09:18:08+00:00\",\"breadcrumb\":{\"@id\":\"https:\\\/\\\/www.hahnzog.de\\\/organisationsberatung\\\/datenschutzerklaerung#breadcrumb\"},\"inLanguage\":\"de\",\"potentialAction\":[{\"@type\":\"ReadAction\",\"target\":[\"https:\\\/\\\/www.hahnzog.de\\\/organisationsberatung\\\/datenschutzerklaerung\"]}]},{\"@type\":\"BreadcrumbList\",\"@id\":\"https:\\\/\\\/www.hahnzog.de\\\/organisationsberatung\\\/datenschutzerklaerung#breadcrumb\",\"itemListElement\":[{\"@type\":\"ListItem\",\"position\":1,\"name\":\"Startseite\",\"item\":\"https:\\\/\\\/www.hahnzog.de\\\/organisationsberatung\\\/\"},{\"@type\":\"ListItem\",\"position\":2,\"name\":\"Datenschutzerkl\u00e4rung\"}]},{\"@type\":\"WebSite\",\"@id\":\"https:\\\/\\\/www.hahnzog.de\\\/organisationsberatung\\\/#website\",\"url\":\"https:\\\/\\\/www.hahnzog.de\\\/organisationsberatung\\\/\",\"name\":\"hahnzog - organisationsberatung\",\"description\":\"Gesunde Unternehmen gestalten\",\"publisher\":{\"@id\":\"https:\\\/\\\/www.hahnzog.de\\\/organisationsberatung\\\/#organization\"},\"potentialAction\":[{\"@type\":\"SearchAction\",\"target\":{\"@type\":\"EntryPoint\",\"urlTemplate\":\"https:\\\/\\\/www.hahnzog.de\\\/organisationsberatung\\\/?s={search_term_string}\"},\"query-input\":{\"@type\":\"PropertyValueSpecification\",\"valueRequired\":true,\"valueName\":\"search_term_string\"}}],\"inLanguage\":\"de\"},{\"@type\":\"Organization\",\"@id\":\"https:\\\/\\\/www.hahnzog.de\\\/organisationsberatung\\\/#organization\",\"name\":\"hahnzog Organisationsberatung\",\"url\":\"https:\\\/\\\/www.hahnzog.de\\\/organisationsberatung\\\/\",\"logo\":{\"@type\":\"ImageObject\",\"inLanguage\":\"de\",\"@id\":\"https:\\\/\\\/www.hahnzog.de\\\/organisationsberatung\\\/#\\\/schema\\\/logo\\\/image\\\/\",\"url\":\"https:\\\/\\\/www.hahnzog.de\\\/organisationsberatung\\\/wp-content\\\/uploads\\\/2017\\\/07\\\/Logo_Hahnzog.png\",\"contentUrl\":\"https:\\\/\\\/www.hahnzog.de\\\/organisationsberatung\\\/wp-content\\\/uploads\\\/2017\\\/07\\\/Logo_Hahnzog.png\",\"width\":286,\"height\":98,\"caption\":\"hahnzog Organisationsberatung\"},\"image\":{\"@id\":\"https:\\\/\\\/www.hahnzog.de\\\/organisationsberatung\\\/#\\\/schema\\\/logo\\\/image\\\/\"}}]}<\/script>\n<!-- \/ Yoast SEO plugin. -->","yoast_head_json":{"title":"Datenschutzerkl\u00e4rung - hahnzog - organisationsberatung","robots":{"index":"index","follow":"follow","max-snippet":"max-snippet:-1","max-image-preview":"max-image-preview:large","max-video-preview":"max-video-preview:-1"},"canonical":"https:\/\/www.hahnzog.de\/organisationsberatung\/datenschutzerklaerung","og_locale":"de_DE","og_type":"article","og_title":"Datenschutzerkl\u00e4rung - hahnzog - organisationsberatung","og_description":"Die Adresse dieser Website ist: http:\/\/www.hahnzog.de\/organisationsberatung. Diese Datenschutzerkl\u00e4rung gilt f\u00fcr die Datenverarbeitung durch: Veranwortlicher: hahnzog &#8211; organisationsberatung, Dr. Simon Hahnzog, Tegernseer Landstr. 98, 81539 M\u00fcnchen Datenschutzbeauftragter: Dr. Simon Hahnzog Welche personenbezogenen Daten gesammelt werden und warum Beim Besuch der Website","og_url":"https:\/\/www.hahnzog.de\/organisationsberatung\/datenschutzerklaerung","og_site_name":"hahnzog - organisationsberatung","article_modified_time":"2022-01-26T09:18:08+00:00","twitter_card":"summary_large_image","twitter_misc":{"Gesch\u00e4tzte Lesezeit":"5\u00a0Minuten"},"schema":{"@context":"https:\/\/schema.org","@graph":[{"@type":"WebPage","@id":"https:\/\/www.hahnzog.de\/organisationsberatung\/datenschutzerklaerung","url":"https:\/\/www.hahnzog.de\/organisationsberatung\/datenschutzerklaerung","name":"Datenschutzerkl\u00e4rung - hahnzog - organisationsberatung","isPartOf":{"@id":"https:\/\/www.hahnzog.de\/organisationsberatung\/#website"},"datePublished":"2019-03-29T16:09:28+00:00","dateModified":"2022-01-26T09:18:08+00:00","breadcrumb":{"@id":"https:\/\/www.hahnzog.de\/organisationsberatung\/datenschutzerklaerung#breadcrumb"},"inLanguage":"de","potentialAction":[{"@type":"ReadAction","target":["https:\/\/www.hahnzog.de\/organisationsberatung\/datenschutzerklaerung"]}]},{"@type":"BreadcrumbList","@id":"https:\/\/www.hahnzog.de\/organisationsberatung\/datenschutzerklaerung#breadcrumb","itemListElement":[{"@type":"ListItem","position":1,"name":"Startseite","item":"https:\/\/www.hahnzog.de\/organisationsberatung\/"},{"@type":"ListItem","position":2,"name":"Datenschutzerkl\u00e4rung"}]},{"@type":"WebSite","@id":"https:\/\/www.hahnzog.de\/organisationsberatung\/#website","url":"https:\/\/www.hahnzog.de\/organisationsberatung\/","name":"hahnzog - organisationsberatung","description":"Gesunde Unternehmen gestalten","publisher":{"@id":"https:\/\/www.hahnzog.de\/organisationsberatung\/#organization"},"potentialAction":[{"@type":"SearchAction","target":{"@type":"EntryPoint","urlTemplate":"https:\/\/www.hahnzog.de\/organisationsberatung\/?s={search_term_string}"},"query-input":{"@type":"PropertyValueSpecification","valueRequired":true,"valueName":"search_term_string"}}],"inLanguage":"de"},{"@type":"Organization","@id":"https:\/\/www.hahnzog.de\/organisationsberatung\/#organization","name":"hahnzog Organisationsberatung","url":"https:\/\/www.hahnzog.de\/organisationsberatung\/","logo":{"@type":"ImageObject","inLanguage":"de","@id":"https:\/\/www.hahnzog.de\/organisationsberatung\/#\/schema\/logo\/image\/","url":"https:\/\/www.hahnzog.de\/organisationsberatung\/wp-content\/uploads\/2017\/07\/Logo_Hahnzog.png","contentUrl":"https:\/\/www.hahnzog.de\/organisationsberatung\/wp-content\/uploads\/2017\/07\/Logo_Hahnzog.png","width":286,"height":98,"caption":"hahnzog Organisationsberatung"},"image":{"@id":"https:\/\/www.hahnzog.de\/organisationsberatung\/#\/schema\/logo\/image\/"}}]}},"_links":{"self":[{"href":"https:\/\/www.hahnzog.de\/organisationsberatung\/wp-json\/wp\/v2\/pages\/3074","targetHints":{"allow":["GET"]}}],"collection":[{"href":"https:\/\/www.hahnzog.de\/organisationsberatung\/wp-json\/wp\/v2\/pages"}],"about":[{"href":"https:\/\/www.hahnzog.de\/organisationsberatung\/wp-json\/wp\/v2\/types\/page"}],"author":[{"embeddable":true,"href":"https:\/\/www.hahnzog.de\/organisationsberatung\/wp-json\/wp\/v2\/users\/1"}],"replies":[{"embeddable":true,"href":"https:\/\/www.hahnzog.de\/organisationsberatung\/wp-json\/wp\/v2\/comments?post=3074"}],"version-history":[{"count":7,"href":"https:\/\/www.hahnzog.de\/organisationsberatung\/wp-json\/wp\/v2\/pages\/3074\/revisions"}],"predecessor-version":[{"id":3369,"href":"https:\/\/www.hahnzog.de\/organisationsberatung\/wp-json\/wp\/v2\/pages\/3074\/revisions\/3369"}],"wp:attachment":[{"href":"https:\/\/www.hahnzog.de\/organisationsberatung\/wp-json\/wp\/v2\/media?parent=3074"}],"curies":[{"name":"wp","href":"https:\/\/api.w.org\/{rel}","templated":true}]}}