{"id":32,"date":"2011-05-10T10:19:58","date_gmt":"2011-05-10T10:19:58","guid":{"rendered":"http:\/\/www.hahnzog.de\/organisationsberatung\/?page_id=32"},"modified":"2022-01-26T14:02:07","modified_gmt":"2022-01-26T13:02:07","slug":"lexikon","status":"publish","type":"page","link":"https:\/\/www.hahnzog.de\/organisationsberatung\/lexikon","title":{"rendered":"Lexikon"},"content":{"rendered":"<p><span style=\"color: #000000;\">In meinen Seminaren, Trainings, Vorlesungen und Vortr\u00e4gen sind&nbsp; zahlreiche Skripte und Pr\u00e4sentationen entstanden. Im Folgenden finden Sie eine Auswahl dieser Unterlagen zum Nachlesen. Sie k\u00f6nnen sich diese Artikel auch gerne&nbsp; als PDF herunterladen.*<\/span><\/p>\n<p><span style=\"color: #000000;\">Zum Lesen klicken Sie einfach auf den entsprechenden Titel &#8211; dort k\u00f6nnen Sie dann entweder direkt lesen oder gleich den Download starten.<\/span><\/p>\n<p><span style=\"color: #000000;\">Viel Spa\u00df beim St\u00f6bern,<\/span><br><span style=\"color: #000000;\">Ihr <\/span><strong><span style=\"color: #1671af;\">Simon Hahnzog<\/span><\/strong><\/p>\n<p>&nbsp;<\/p>\n<h4>Kommunikation &#8211; Methoden der Gespr\u00e4chsf\u00fchrung<\/h4>\n<ul>\n<li><a title=\"Konstruktives Feedback\" href=\"http:\/\/www.hahnzog.de\/organisationsberatung\/konstruktives-feedback\">Konstruktives Feedback<\/a><\/li>\n<\/ul>\n<ul>\n<li><a title=\"Gespr\u00e4chsmethoden: Basic\" href=\"http:\/\/www.hahnzog.de\/organisationsberatung\/gesprachsmethoden-basic\">Gespr\u00e4chsmethoden: Basic<\/a><\/li>\n<li><a title=\"Gespr\u00e4chsmethoden Pro\" href=\"http:\/\/www.hahnzog.de\/organisationsberatung\/gesprachsmethoden-pro\">Gespr\u00e4chsmethoden: Pro<\/a><\/li>\n<li><a title=\"Gespr\u00e4chsmethoden: Team\" href=\"http:\/\/www.hahnzog.de\/organisationsberatung\/gesprachsmethoden-team\">Gespr\u00e4chsmethoden: Team<\/a><\/li>\n<\/ul>\n<ul>\n<li><a title=\"Setting\" href=\"http:\/\/www.hahnzog.de\/organisationsberatung\/setting\">Setting (R\u00e4umliche Gestaltung) des Gespr\u00e4chs<\/a><\/li>\n<\/ul>\n<ul>\n<li><a title=\"Gespr\u00e4chsphasen\" href=\"http:\/\/www.hahnzog.de\/organisationsberatung\/gesprachsphasen\">Gespr\u00e4chsphasen<\/a><\/li>\n<li><a title=\"Gespr\u00e4chsf\u00fchrung: Haltung\" href=\"http:\/\/www.hahnzog.de\/organisationsberatung\/gesprachsfuhrung-haltung\">Haltung im (Beratungs-\/Mitarbeiter-)Gespr\u00e4ch<\/a><\/li>\n<\/ul>\n<ul>\n<li><a title=\"K\u00f6rpersprache\" href=\"http:\/\/www.hahnzog.de\/organisationsberatung\/korpersprache\">Nonverbale Kommunikation: K\u00f6rpersprache<\/a><\/li>\n<\/ul>\n<ul>\n<li><a title=\"Rhetorik\" href=\"http:\/\/www.hahnzog.de\/organisationsberatung\/rhetorik\">Rhetoriktraining<\/a><\/li>\n<\/ul>\n<ul>\n<li><a title=\"Gespr\u00e4chsf\u00fchrung \u2013 Watzlawicks Kommunikationsmodell\" href=\"http:\/\/www.hahnzog.de\/organisationsberatung\/gesprachsfuhrung-watzlawicks-kommunikationsmodell\">Kommunikationsmodell von Paul Watzlawick<\/a>&nbsp; <a name=\"Systemische_Beratung\"><\/a><\/li>\n<\/ul>\n<ul>\n<li><a title=\"Vier Seiten der Kommunikation\" href=\"http:\/\/www.hahnzog.de\/organisationsberatung\/vier-seiten-der-kommunikation\">Kommunikationsmodell nach Schulz von Thun: Vier Seiten einer Botschaft<br><\/a><\/li>\n<\/ul>\n<h4>Systemische Organisationsberatung und Systemisches Coaching<\/h4>\n<ul>\n<li><a title=\"Systemische Perspektive von Beratung\" href=\"http:\/\/www.hahnzog.de\/organisationsberatung\/systemische-perspektive-von-beratung\"> Einf\u00fchrung: Eine Systemische Perspektive von Beratung<\/a><\/li>\n<li><a title=\"Kybernetik und Beratung\" href=\"http:\/\/www.hahnzog.de\/organisationsberatung\/kybernetik-und-beratung\">Kybernetik und Beratung: Eine zirkul\u00e4re Kausalit\u00e4t<\/a><\/li>\n<li><a title=\"Systemische Beratung \u2013 \u00dcberblick\" href=\"http:\/\/www.hahnzog.de\/organisationsberatung\/systemische-beratung-uberblick\">Die Vielfalt systemischer Beratung: \u00dcberblick<\/a><\/li>\n<li><a title=\"Systemische Beratungshaltung\" href=\"http:\/\/www.hahnzog.de\/organisationsberatung\/systemische-beratungshaltung\">Systemische Haltung in der Beratung<\/a><\/li>\n<\/ul>\n<ul>\n<li><a title=\"Zirkul\u00e4rer Ansatz\" href=\"http:\/\/www.hahnzog.de\/organisationsberatung\/zirkularer-ansatz\">Jedes Problem macht Sinn: Der zirkul\u00e4re Ansatz<\/a><\/li>\n<\/ul>\n<ul>\n<li><a title=\"Strategischer Ansatz\" href=\"http:\/\/www.hahnzog.de\/organisationsberatung\/strategischer-ansatz\">Die L\u00f6sung ist das Problem: Der strategische Ansatz<\/a><\/li>\n<\/ul>\n<ul>\n<li><a title=\"L\u00f6sungsorientierter Ansatz\" href=\"http:\/\/www.hahnzog.de\/organisationsberatung\/losungsorientierter-ansatz\">Problem talk creates problems, solution talk creates solutions:<br>Der l\u00f6sungsorientierte Ansatz<\/a><\/li>\n<\/ul>\n<ul>\n<li><a title=\"pers\u00f6nlichkeitsorientierter Ansatz\" href=\"http:\/\/www.hahnzog.de\/organisationsberatung\/personlichkeitsorientierter-ansatz\">Ressource: Ich! &#8211; Die innere Vielfalt und ihre Ressourcen:<br>Der pers\u00f6nlichkeitsorientierte Ansatz<\/a><\/li>\n<\/ul>\n<ul>\n<li><a title=\"Struktureller Ansatz\" href=\"http:\/\/www.hahnzog.de\/organisationsberatung\/struktureller-ansatz\">Grenzen und Hoheitsgebiete: Der strukturelle Ansatz<\/a><\/li>\n<\/ul>\n<ul>\n<li><a title=\"Experienteller Ansatz\" href=\"http:\/\/www.hahnzog.de\/organisationsberatung\/experienteller-ansatz\">Selbstwert, Wachstum und Kongruenz: Der experientelle Ansatz<\/a><\/li>\n<\/ul>\n<ul>\n<li><a title=\"Narrativer Ansatz\" href=\"http:\/\/www.hahnzog.de\/organisationsberatung\/narrativer-ansatz-2\">Die Wirklichkeit ist eine Geschichte: Der narrative Ansatz<\/a><\/li>\n<\/ul>\n<ul>\n<li><span style=\"color: #000000;\">Literatur: Eine kleine<\/span> <a title=\"Systemische Literatur\" href=\"http:\/\/www.hahnzog.de\/organisationsberatung\/systemische-literatur\">Literaturauswahl zu den Perspektiven systemischer Beratung<\/a>.<br><span style=\"color: #000000;\">Mehr Literaturempfehlungen finden Sie in unseren<\/span> <a title=\"Literatur\" href=\"http:\/\/www.hahnzog.de\/organisationsberatung\/literatur\" target=\"_blank\" rel=\"noopener noreferrer\">Literaturempfehlungen<\/a>.<\/li>\n<\/ul>\n<h4>weitere Schwerpunktthemen unseres Leistungsspektrums<\/h4>\n<ul>\n<li><a title=\"Stressmanagement\" href=\"http:\/\/www.hahnzog.de\/organisationsberatung\/stressmanagement\">Stressmanagement<\/a><\/li>\n<\/ul>\n<ul>\n<li><a title=\"Leadership: F\u00fchrung und Teamdynamik\" href=\"http:\/\/www.hahnzog.de\/organisationsberatung\/leadership-fuhrung-und-teamdynamik\">Leadership: F\u00fchrung und Teamdynamik<\/a><\/li>\n<\/ul>\n<ul>\n<li><a title=\"Organigramme\" href=\"http:\/\/www.hahnzog.de\/organisationsberatung\/organigramme\">Organisationsberatung: Arbeiten mit Organigrammen<\/a><\/li>\n<\/ul>\n<p><span style=\"color: #000000;\">In meinen 10 Jahren als <strong>Professor f\u00fcr Wirtschaftspsychologie an der Hochschule Fresenius<\/strong> in M\u00fcnchen sind zahlreiche Skripte und Pr\u00e4sentationen entstanden. Diese kann ich an dieser Stelle nicht zur Verf\u00fcgung stellen -bei Interesse kontaktieren Sie mich einfach. Eine kleine Themenauswahl will ich Ihnen aber nicht vorenthalten:<\/span><\/p>\n<h4>Ausgew\u00e4hlte Aspekte der Organisationspsychologie:<\/h4>\n<ul>\n<li><span style=\"color: #000000;\"><em>Struktur und Phasen systemischer Organisationsberatung:<\/em><\/span><br><span style=\"color: #000000;\">Was passiert bei Ver\u00e4nderungen im Kontext eines Beratungsprozesses?<\/span><br><span style=\"color: #000000;\">Wie werden (Organisations)beratungsprozesse gestaltet?<\/span><br><span style=\"color: #000000;\">Wann sind welche Interventionen einer Beratung hilfreich?<\/span><\/li>\n<\/ul>\n<ul>\n<li><span style=\"color: #000000;\"><em>Change Management:<\/em><\/span><br><span style=\"color: #000000;\">Was bedeutet &#8222;Ver\u00e4nderung&#8220; f\u00fcr eine Organisation?<\/span><br><span style=\"color: #000000;\">Welche Voraussetzungen, Widerst\u00e4nde und Konsequenzen begleiten Ver\u00e4nderungsprozesse?<\/span><br><span style=\"color: #000000;\">Welche Bedeutung haben dabei Kreativit\u00e4t und Innovationen?<\/span><\/li>\n<\/ul>\n<ul>\n<li><span style=\"color: #000000;\"><em>Krisen- und Konfliktmanagement:<\/em><\/span><br><span style=\"color: #000000;\">Warum enstehen Konflikte und was hat das mit den einzelnen Personen zu tun?<\/span><br><span style=\"color: #000000;\">Warum bergen Konflikte enormes Wachstumspotential?<\/span><br><span style=\"color: #000000;\">Was k\u00f6nnen die Beteiligten, insbesondere F\u00fchrungskr\u00e4fte, zur Konfliktl\u00f6sung beitragen?<\/span><\/li>\n<\/ul>\n<ul>\n<li><span style=\"color: #000000;\"><em>Strategien und Prozesse:<\/em><\/span><br><span style=\"color: #000000;\">Welche St\u00e4rken und Schw\u00e4chen zeichnen die Organisation aus?<\/span><br><span style=\"color: #000000;\">Wie werden Visionen entwickelt und wie werden sie umgesetzt?<\/span><br><span style=\"color: #000000;\">Wie k\u00f6nnen Prozesse innerhalb einer Organisation optimiert werden?<\/span><a name=\"Sozialpsychologie\"><\/a><\/li>\n<\/ul>\n<h4>Ausgew\u00e4hlte Aspekte der Sozialpsychologie:<\/h4>\n<ul>\n<li><span style=\"color: #000000;\"><em>Soziale Kognition:<\/em><\/span><br><span style=\"color: #000000;\">Wer bin ich? Und was hat das mit den anderen zu tun?<\/span><br><span style=\"color: #000000;\">Wozu haben wir Vorurteile?<\/span><br><span style=\"color: #000000;\">Wieso ist der erste Eindruck so bedeutsam?<\/span><\/li>\n<\/ul>\n<ul>\n<li><span style=\"color: #000000;\"><em>Einstellungen:<\/em><\/span><br><span style=\"color: #000000;\">Wie entstehen Einstellungen oder Meinungen?<\/span><br><span style=\"color: #000000;\">Wie k\u00f6nnen Sie ver\u00e4ndert werden?<\/span><br><span style=\"color: #000000;\">Wie k\u00f6nnen wir andere Menschen \u00fcberzeugen?<\/span><\/li>\n<\/ul>\n<ul>\n<li><span style=\"color: #000000;\"><em>Soziale Interaktion:<\/em><\/span><br><span style=\"color: #000000;\">Wie und warum entsteht Aggression?<\/span><br><span style=\"color: #000000;\">Was bringt uns dazu anderen zu helfen?<\/span><br><span style=\"color: #000000;\">Wie entstehen Freundschaften und warum verlieben wir uns?<\/span><\/li>\n<\/ul>\n<ul>\n<li><span style=\"color: #000000;\"><em>Soziale Gruppen:<\/em><\/span><br><span style=\"color: #000000;\">Wie bilden sich Gruppen?<\/span><br><span style=\"color: #000000;\">Wann ist Einfluss besonders wirksam?<\/span><br><span style=\"color: #000000;\">Was ist eigentlich F\u00fchrung?<\/span><a name=\"Kommunikationspsychologie\"><\/a><\/li>\n<\/ul>\n<h4>Ausgew\u00e4hlte Aspekte der Kommunikationspsychologie<\/h4>\n<ul>\n<li><span style=\"color: #000000;\"><em>Allgemeine Kommunikationstheorien:<\/em><\/span><br><span style=\"color: #000000;\">Warum reden wir miteinander?<\/span><br><span style=\"color: #000000;\">Wie genau tauschen wir Informationen aus?<\/span><br><span style=\"color: #000000;\">Welche Grenzen beeinflussen unsere Kommunikation und wie \u00fcberwinden wir diese Grenzen?<\/span><\/li>\n<\/ul>\n<ul>\n<li><span style=\"color: #000000;\"><em>Interpersonelle Kommunikation:<\/em><\/span><br><span style=\"color: #000000;\">Auf welchen Kan\u00e4len senden und empfangen wir Botschaften?<\/span><br><span style=\"color: #000000;\">Welchen Einfluss hat die K\u00f6rpersprache und welche Denkfehler unterlaufen uns h\u00e4ufig?<\/span><br><span style=\"color: #000000;\">Wie k\u00f6nnen wir unsere Kommunikation mithilfe von Transaktionsanalyse und TZI gestalten?<\/span><\/li>\n<\/ul>\n<p><span style=\"color: #000000;\">Vorschl\u00e4ge zur Verbesserung und Erg\u00e4nzung der Beitr\u00e4ge&nbsp; nehmen wir gerne entgegen. Schicken Sie uns eine Email an kontakt(at)hahnzog.de oder kontaktieren Sie uns \u00fcber unser Kontaktformular.<\/span><\/p>\n<p><span style=\"color: #000000;\">*F\u00fcr das \u00d6ffnen der PDF-Dateien ben\u00f6tigen Sie einen PDF-Reader. Sollte dieses Programm noch nicht auf Ihrem Rechner installiert sein, k\u00f6nnen Sie es hier kostenlos herunterladen:<\/span> <a title=\"Adobe PDF-Reader\" href=\"http:\/\/get.adobe.com\/de\/reader\/\" target=\"_blank\" rel=\"noopener noreferrer\">http:\/\/get.adobe.com\/de\/reader\/<\/a><\/p>\n<p>&nbsp;<\/p>\n<p><span style=\"color: #000000;\">F\u00fcr weitere Eindr\u00fccke besuchen Sie auch unsere Rubriken: <\/span><a title=\"Bild &amp; Ton\" href=\"http:\/\/www.hahnzog.de\/organisationsberatung\/bild-ton\">Bild &amp; Ton<\/a>, <a title=\"Presse\" href=\"http:\/\/www.hahnzog.de\/organisationsberatung\/presse\">Presse<\/a> <span style=\"color: #000000;\">oder <\/span><a title=\"Publikationen\" href=\"http:\/\/www.hahnzog.de\/organisationsberatung\/literatur\/publikationen\">Publikationen<\/a>.<\/p>\n<p>&nbsp;<\/p>\n\n","protected":false},"excerpt":{"rendered":"<p>In meinen Seminaren, Trainings, Vorlesungen und Vortr\u00e4gen sind&nbsp; zahlreiche Skripte und Pr\u00e4sentationen entstanden. Im Folgenden finden Sie eine Auswahl dieser Unterlagen zum Nachlesen. Sie k\u00f6nnen sich diese Artikel auch gerne&nbsp; als PDF herunterladen.* Zum Lesen klicken Sie einfach auf den<\/p>\n","protected":false},"author":1,"featured_media":0,"parent":0,"menu_order":3,"comment_status":"closed","ping_status":"closed","template":"","meta":{"footnotes":""},"class_list":["post-32","page","type-page","status-publish","hentry"],"yoast_head":"<!-- This site is optimized with the Yoast SEO plugin v27.4 - https:\/\/yoast.com\/product\/yoast-seo-wordpress\/ -->\n<title>Lexikon - hahnzog - organisationsberatung<\/title>\n<meta name=\"robots\" content=\"index, follow, max-snippet:-1, max-image-preview:large, max-video-preview:-1\" \/>\n<link rel=\"canonical\" href=\"https:\/\/www.hahnzog.de\/organisationsberatung\/lexikon\" \/>\n<meta property=\"og:locale\" content=\"de_DE\" \/>\n<meta property=\"og:type\" content=\"article\" \/>\n<meta property=\"og:title\" content=\"Lexikon - hahnzog - organisationsberatung\" \/>\n<meta property=\"og:description\" content=\"In meinen Seminaren, Trainings, Vorlesungen und Vortr\u00e4gen sind&nbsp; zahlreiche Skripte und Pr\u00e4sentationen entstanden. Im Folgenden finden Sie eine Auswahl dieser Unterlagen zum Nachlesen. Sie k\u00f6nnen sich diese Artikel auch gerne&nbsp; als PDF herunterladen.* Zum Lesen klicken Sie einfach auf den\" \/>\n<meta property=\"og:url\" content=\"https:\/\/www.hahnzog.de\/organisationsberatung\/lexikon\" \/>\n<meta property=\"og:site_name\" content=\"hahnzog - organisationsberatung\" \/>\n<meta property=\"article:modified_time\" content=\"2022-01-26T13:02:07+00:00\" \/>\n<meta name=\"twitter:card\" content=\"summary_large_image\" \/>\n<meta name=\"twitter:label1\" content=\"Gesch\u00e4tzte Lesezeit\" \/>\n\t<meta name=\"twitter:data1\" content=\"4\u00a0Minuten\" \/>\n<script type=\"application\/ld+json\" class=\"yoast-schema-graph\">{\"@context\":\"https:\\\/\\\/schema.org\",\"@graph\":[{\"@type\":\"WebPage\",\"@id\":\"https:\\\/\\\/www.hahnzog.de\\\/organisationsberatung\\\/lexikon\",\"url\":\"https:\\\/\\\/www.hahnzog.de\\\/organisationsberatung\\\/lexikon\",\"name\":\"Lexikon - hahnzog - organisationsberatung\",\"isPartOf\":{\"@id\":\"https:\\\/\\\/www.hahnzog.de\\\/organisationsberatung\\\/#website\"},\"datePublished\":\"2011-05-10T10:19:58+00:00\",\"dateModified\":\"2022-01-26T13:02:07+00:00\",\"breadcrumb\":{\"@id\":\"https:\\\/\\\/www.hahnzog.de\\\/organisationsberatung\\\/lexikon#breadcrumb\"},\"inLanguage\":\"de\",\"potentialAction\":[{\"@type\":\"ReadAction\",\"target\":[\"https:\\\/\\\/www.hahnzog.de\\\/organisationsberatung\\\/lexikon\"]}]},{\"@type\":\"BreadcrumbList\",\"@id\":\"https:\\\/\\\/www.hahnzog.de\\\/organisationsberatung\\\/lexikon#breadcrumb\",\"itemListElement\":[{\"@type\":\"ListItem\",\"position\":1,\"name\":\"Startseite\",\"item\":\"https:\\\/\\\/www.hahnzog.de\\\/organisationsberatung\\\/\"},{\"@type\":\"ListItem\",\"position\":2,\"name\":\"Lexikon\"}]},{\"@type\":\"WebSite\",\"@id\":\"https:\\\/\\\/www.hahnzog.de\\\/organisationsberatung\\\/#website\",\"url\":\"https:\\\/\\\/www.hahnzog.de\\\/organisationsberatung\\\/\",\"name\":\"hahnzog - organisationsberatung\",\"description\":\"Gesunde Unternehmen gestalten\",\"publisher\":{\"@id\":\"https:\\\/\\\/www.hahnzog.de\\\/organisationsberatung\\\/#organization\"},\"potentialAction\":[{\"@type\":\"SearchAction\",\"target\":{\"@type\":\"EntryPoint\",\"urlTemplate\":\"https:\\\/\\\/www.hahnzog.de\\\/organisationsberatung\\\/?s={search_term_string}\"},\"query-input\":{\"@type\":\"PropertyValueSpecification\",\"valueRequired\":true,\"valueName\":\"search_term_string\"}}],\"inLanguage\":\"de\"},{\"@type\":\"Organization\",\"@id\":\"https:\\\/\\\/www.hahnzog.de\\\/organisationsberatung\\\/#organization\",\"name\":\"hahnzog Organisationsberatung\",\"url\":\"https:\\\/\\\/www.hahnzog.de\\\/organisationsberatung\\\/\",\"logo\":{\"@type\":\"ImageObject\",\"inLanguage\":\"de\",\"@id\":\"https:\\\/\\\/www.hahnzog.de\\\/organisationsberatung\\\/#\\\/schema\\\/logo\\\/image\\\/\",\"url\":\"https:\\\/\\\/www.hahnzog.de\\\/organisationsberatung\\\/wp-content\\\/uploads\\\/2017\\\/07\\\/Logo_Hahnzog.png\",\"contentUrl\":\"https:\\\/\\\/www.hahnzog.de\\\/organisationsberatung\\\/wp-content\\\/uploads\\\/2017\\\/07\\\/Logo_Hahnzog.png\",\"width\":286,\"height\":98,\"caption\":\"hahnzog Organisationsberatung\"},\"image\":{\"@id\":\"https:\\\/\\\/www.hahnzog.de\\\/organisationsberatung\\\/#\\\/schema\\\/logo\\\/image\\\/\"}}]}<\/script>\n<!-- \/ Yoast SEO plugin. -->","yoast_head_json":{"title":"Lexikon - hahnzog - organisationsberatung","robots":{"index":"index","follow":"follow","max-snippet":"max-snippet:-1","max-image-preview":"max-image-preview:large","max-video-preview":"max-video-preview:-1"},"canonical":"https:\/\/www.hahnzog.de\/organisationsberatung\/lexikon","og_locale":"de_DE","og_type":"article","og_title":"Lexikon - hahnzog - organisationsberatung","og_description":"In meinen Seminaren, Trainings, Vorlesungen und Vortr\u00e4gen sind&nbsp; zahlreiche Skripte und Pr\u00e4sentationen entstanden. Im Folgenden finden Sie eine Auswahl dieser Unterlagen zum Nachlesen. Sie k\u00f6nnen sich diese Artikel auch gerne&nbsp; als PDF herunterladen.* Zum Lesen klicken Sie einfach auf den","og_url":"https:\/\/www.hahnzog.de\/organisationsberatung\/lexikon","og_site_name":"hahnzog - organisationsberatung","article_modified_time":"2022-01-26T13:02:07+00:00","twitter_card":"summary_large_image","twitter_misc":{"Gesch\u00e4tzte Lesezeit":"4\u00a0Minuten"},"schema":{"@context":"https:\/\/schema.org","@graph":[{"@type":"WebPage","@id":"https:\/\/www.hahnzog.de\/organisationsberatung\/lexikon","url":"https:\/\/www.hahnzog.de\/organisationsberatung\/lexikon","name":"Lexikon - hahnzog - organisationsberatung","isPartOf":{"@id":"https:\/\/www.hahnzog.de\/organisationsberatung\/#website"},"datePublished":"2011-05-10T10:19:58+00:00","dateModified":"2022-01-26T13:02:07+00:00","breadcrumb":{"@id":"https:\/\/www.hahnzog.de\/organisationsberatung\/lexikon#breadcrumb"},"inLanguage":"de","potentialAction":[{"@type":"ReadAction","target":["https:\/\/www.hahnzog.de\/organisationsberatung\/lexikon"]}]},{"@type":"BreadcrumbList","@id":"https:\/\/www.hahnzog.de\/organisationsberatung\/lexikon#breadcrumb","itemListElement":[{"@type":"ListItem","position":1,"name":"Startseite","item":"https:\/\/www.hahnzog.de\/organisationsberatung\/"},{"@type":"ListItem","position":2,"name":"Lexikon"}]},{"@type":"WebSite","@id":"https:\/\/www.hahnzog.de\/organisationsberatung\/#website","url":"https:\/\/www.hahnzog.de\/organisationsberatung\/","name":"hahnzog - organisationsberatung","description":"Gesunde Unternehmen gestalten","publisher":{"@id":"https:\/\/www.hahnzog.de\/organisationsberatung\/#organization"},"potentialAction":[{"@type":"SearchAction","target":{"@type":"EntryPoint","urlTemplate":"https:\/\/www.hahnzog.de\/organisationsberatung\/?s={search_term_string}"},"query-input":{"@type":"PropertyValueSpecification","valueRequired":true,"valueName":"search_term_string"}}],"inLanguage":"de"},{"@type":"Organization","@id":"https:\/\/www.hahnzog.de\/organisationsberatung\/#organization","name":"hahnzog Organisationsberatung","url":"https:\/\/www.hahnzog.de\/organisationsberatung\/","logo":{"@type":"ImageObject","inLanguage":"de","@id":"https:\/\/www.hahnzog.de\/organisationsberatung\/#\/schema\/logo\/image\/","url":"https:\/\/www.hahnzog.de\/organisationsberatung\/wp-content\/uploads\/2017\/07\/Logo_Hahnzog.png","contentUrl":"https:\/\/www.hahnzog.de\/organisationsberatung\/wp-content\/uploads\/2017\/07\/Logo_Hahnzog.png","width":286,"height":98,"caption":"hahnzog Organisationsberatung"},"image":{"@id":"https:\/\/www.hahnzog.de\/organisationsberatung\/#\/schema\/logo\/image\/"}}]}},"_links":{"self":[{"href":"https:\/\/www.hahnzog.de\/organisationsberatung\/wp-json\/wp\/v2\/pages\/32","targetHints":{"allow":["GET"]}}],"collection":[{"href":"https:\/\/www.hahnzog.de\/organisationsberatung\/wp-json\/wp\/v2\/pages"}],"about":[{"href":"https:\/\/www.hahnzog.de\/organisationsberatung\/wp-json\/wp\/v2\/types\/page"}],"author":[{"embeddable":true,"href":"https:\/\/www.hahnzog.de\/organisationsberatung\/wp-json\/wp\/v2\/users\/1"}],"replies":[{"embeddable":true,"href":"https:\/\/www.hahnzog.de\/organisationsberatung\/wp-json\/wp\/v2\/comments?post=32"}],"version-history":[{"count":97,"href":"https:\/\/www.hahnzog.de\/organisationsberatung\/wp-json\/wp\/v2\/pages\/32\/revisions"}],"predecessor-version":[{"id":3453,"href":"https:\/\/www.hahnzog.de\/organisationsberatung\/wp-json\/wp\/v2\/pages\/32\/revisions\/3453"}],"wp:attachment":[{"href":"https:\/\/www.hahnzog.de\/organisationsberatung\/wp-json\/wp\/v2\/media?parent=32"}],"curies":[{"name":"wp","href":"https:\/\/api.w.org\/{rel}","templated":true}]}}