{"id":3360,"date":"2022-01-26T10:14:07","date_gmt":"2022-01-26T09:14:07","guid":{"rendered":"https:\/\/www.hahnzog.de\/organisationsberatung\/?page_id=3360"},"modified":"2022-08-03T11:39:23","modified_gmt":"2022-08-03T09:39:23","slug":"gemara","status":"publish","type":"page","link":"https:\/\/www.hahnzog.de\/organisationsberatung\/gemara","title":{"rendered":"GEMARA\u00ae der digitale Trimm-Dich-Pfad"},"content":{"rendered":"\n<p>&nbsp;<\/p>\n<p><a href=\"https:\/\/gemara-health.com\/\" target=\"_blank\" rel=\"noopener\"><img loading=\"lazy\" decoding=\"async\" class=\"size-medium wp-image-3294 aligncenter\" src=\"https:\/\/www.hahnzog.de\/organisationsberatung\/wp-content\/uploads\/2022\/01\/gemara_logoclaim_gradient-400x143.png\" alt=\"\" width=\"400\" height=\"143\" srcset=\"https:\/\/www.hahnzog.de\/organisationsberatung\/wp-content\/uploads\/2022\/01\/gemara_logoclaim_gradient-400x143.png 400w, https:\/\/www.hahnzog.de\/organisationsberatung\/wp-content\/uploads\/2022\/01\/gemara_logoclaim_gradient-1024x366.png 1024w, https:\/\/www.hahnzog.de\/organisationsberatung\/wp-content\/uploads\/2022\/01\/gemara_logoclaim_gradient-150x54.png 150w, https:\/\/www.hahnzog.de\/organisationsberatung\/wp-content\/uploads\/2022\/01\/gemara_logoclaim_gradient-768x274.png 768w, https:\/\/www.hahnzog.de\/organisationsberatung\/wp-content\/uploads\/2022\/01\/gemara_logoclaim_gradient.png 1400w\" sizes=\"auto, (max-width: 400px) 100vw, 400px\" \/><\/a><\/p>\n<p><span style=\"color: #000000;\">In unseren Beratungsprozessen zum <strong>Betrieblichen Gesundheitsmanagement (BGM)<\/strong> sagen uns Menschen aus unterschiedlichsten Unternehmen seit Jahren immer wieder, dass sie gerne<strong> mehr f\u00fcr ihre Gesundheit machen<\/strong> w\u00fcrden.<\/span><\/p>\n<p><span style=\"color: #000000;\">Auf die Frage, warum sie es denn nicht tun, h\u00f6ren wir meistens S\u00e4tze wie diese:<\/span><\/p>\n<p><span style=\"color: #000000;\">.<\/span><\/p>\n<ul>\n<li>\n<p><span style=\"color: #000000;\"><em><strong>\u201eIch habe zu wenig Zeit.<\/strong><\/em><em><strong>\u201c<\/strong><\/em><em><br><\/em>Die Kraft-Wege von GEMARA<sup>\u00ae<\/sup> sind alle so konzipiert, dass Sie f\u00fcr eine Einheit etwa 20 Minuten brauchen \u2013 oder eine halbe Mittagspause, eine S-Bahn sp\u00e4ter nach Hause, einen Stau weniger am Morgen.<\/span><\/p>\n<\/li>\n<\/ul>\n<ul>\n<li>\n<p><span style=\"color: #000000;\"><em><strong>\u201eBei diesem Kurs habe ich schon einen anderen Termin.<\/strong><\/em><em><strong>\u201c<\/strong><\/em><em><br><\/em>F\u00fcr GEMARA<sup>\u00ae<\/sup> braucht es keine festen Termine \u2013 Sie k\u00f6nnen die Kraft-Wege zu jeder Tages-(oder auch Nacht-)Zeit gehen, wann auch immer Sie ein freies Zeitfenster haben.<\/span><\/p>\n<\/li>\n<\/ul>\n<p><img loading=\"lazy\" decoding=\"async\" class=\"wp-image-3502 size-medium aligncenter\" src=\"https:\/\/www.hahnzog.de\/organisationsberatung\/wp-content\/uploads\/2022\/08\/GEMARA_Screenshot_Themenwahl-1_Rahmen-134x300.jpg\" alt=\"\" width=\"134\" height=\"300\" srcset=\"https:\/\/www.hahnzog.de\/organisationsberatung\/wp-content\/uploads\/2022\/08\/GEMARA_Screenshot_Themenwahl-1_Rahmen-134x300.jpg 134w, https:\/\/www.hahnzog.de\/organisationsberatung\/wp-content\/uploads\/2022\/08\/GEMARA_Screenshot_Themenwahl-1_Rahmen-45x100.jpg 45w, https:\/\/www.hahnzog.de\/organisationsberatung\/wp-content\/uploads\/2022\/08\/GEMARA_Screenshot_Themenwahl-1_Rahmen.jpg 256w\" sizes=\"auto, (max-width: 134px) 100vw, 134px\" \/><\/p>\n<p>&nbsp;<\/p>\n<ul>\n<li>\n<p><span style=\"color: #000000;\"><em><strong>\u201eEin Coaching n\u00e4chste Woche bringt mir nichts, wenn ich heute ein Problem habe.\u201c<\/strong><\/em><em><br><\/em>Bei GEMARA<sup>\u00ae<\/sup> m\u00fcssen wichtige und dringende Fragen nicht warten. Sie k\u00f6nnen sich aus unseren drei Themenwelten BODY, MIND und SOCIAL genau das aussuchen, was heute f\u00fcr Sie wichtig ist.<\/span><\/p>\n<\/li>\n<\/ul>\n<ul>\n<li>\n<p><span style=\"color: #000000;\"><em><strong>\u201eWir haben in der Firma nicht die R\u00e4umlichkeiten.\u201c<br><\/strong><\/em>Unsere Kraft-Wege finden unter freiem Himmel statt und beginnen direkt vor der T\u00fcr Ihres Unternehmens (oder wo auch immer Sie einen Kraft-Weg haben wollen). F\u00fcr GEMARA<sup>\u00ae<\/sup> bruachen Sie keinen Seminarraum, keine Trainingsger\u00e4te, keine Funktionskleidung \u2013 nur Ihr Smartphone.<\/span><\/p>\n<\/li>\n<\/ul>\n<p><img loading=\"lazy\" decoding=\"async\" class=\"wp-image-3504 size-medium aligncenter\" src=\"https:\/\/www.hahnzog.de\/organisationsberatung\/wp-content\/uploads\/2022\/08\/GEMARA-health-Screenshot_Weg-hahnzog_Rahmen-133x300.jpg\" alt=\"\" width=\"133\" height=\"300\" srcset=\"https:\/\/www.hahnzog.de\/organisationsberatung\/wp-content\/uploads\/2022\/08\/GEMARA-health-Screenshot_Weg-hahnzog_Rahmen-133x300.jpg 133w, https:\/\/www.hahnzog.de\/organisationsberatung\/wp-content\/uploads\/2022\/08\/GEMARA-health-Screenshot_Weg-hahnzog_Rahmen-44x100.jpg 44w, https:\/\/www.hahnzog.de\/organisationsberatung\/wp-content\/uploads\/2022\/08\/GEMARA-health-Screenshot_Weg-hahnzog_Rahmen.jpg 257w\" sizes=\"auto, (max-width: 133px) 100vw, 133px\" \/><\/p>\n<p>&nbsp;<\/p>\n<ul>\n<li>\n<p><span style=\"color: #000000;\"><em><strong>\u201eAnimierte Online-Programme sind mir zu unpers\u00f6nlich.\u201c<\/strong><\/em><em><br><\/em>Die Coaches, Trainer*innen und Berater*innen von GEMARA<sup>\u00ae<\/sup> geben unseren Kraft-Wegen ein Gesicht und bringen sich nicht nur mit ihrer Fachkompetenz, sondern auch mit ihrer Pers\u00f6nlichkeit ein. Wir begleiten Sie, als w\u00e4ren wir gerade gemeinsam auf dem Weg.<\/span><\/p>\n<\/li>\n<\/ul>\n<ul>\n<li>\n<p><span style=\"color: #000000;\"><em><strong>\u201eIch traue mich nicht mit meinen Kolleg*innen gemeinsam in einen Kurs.\u201c<\/strong><\/em><em><br><\/em>Mit wem Sie einen unserer Kraft-Wege gehen, liegt ganz bei Ihnen \u2013 mit der Lieblingskollegin\/dem Lieblingskollegen oder mit dem ganzen Team, auf Distanz, im richtigen Abstand oder ganz f\u00fcr sich allein. Auf jeden Fall werden Sie dabei immer von unseren Wegbegleiter*innen angeleitet, die GEMARA<sup>\u00ae<\/sup> ein Gesicht und Ihnen das notwendige Selbstvertrauen geben.<\/span><\/p>\n<\/li>\n<\/ul>\n<p><img loading=\"lazy\" decoding=\"async\" class=\"wp-image-3505 size-medium aligncenter\" src=\"https:\/\/www.hahnzog.de\/organisationsberatung\/wp-content\/uploads\/2022\/08\/GEMARA-App_Screenshot-Video-1-156x300.png\" alt=\"\" width=\"156\" height=\"300\" srcset=\"https:\/\/www.hahnzog.de\/organisationsberatung\/wp-content\/uploads\/2022\/08\/GEMARA-App_Screenshot-Video-1-156x300.png 156w, https:\/\/www.hahnzog.de\/organisationsberatung\/wp-content\/uploads\/2022\/08\/GEMARA-App_Screenshot-Video-1-399x768.png 399w, https:\/\/www.hahnzog.de\/organisationsberatung\/wp-content\/uploads\/2022\/08\/GEMARA-App_Screenshot-Video-1-52x100.png 52w, https:\/\/www.hahnzog.de\/organisationsberatung\/wp-content\/uploads\/2022\/08\/GEMARA-App_Screenshot-Video-1.png 462w\" sizes=\"auto, (max-width: 156px) 100vw, 156px\" \/><\/p>\n<ul>\n<li>\n<p><span style=\"color: #000000;\"><em><strong>\u201eBetriebliche Gesundheitsma\u00dfnahmen sind teuer.\u201c<\/strong><\/em><em><br><\/em>Ein*e klassische*r Trainer*in kostet f\u00fcr wenige Mitarbeiter*innen pro Tag so viel wie GEMARA<sup>\u00ae<\/sup> f\u00fcr alle Mitarbeiter*innen in einem Jahr. Dank unserer transparenten und nachvollziehbaren Preiskalkulationen k\u00f6nnen Sie schnell einsch\u00e4tzen, welchen Umfang die Kraft-Wege vor Ihrem Unternehmen haben sollen.<\/span><\/p>\n<\/li>\n<\/ul>\n<p>&nbsp;<\/p>\n\n\n<p><span style=\"color: #000000;\">GEMARA<sup>\u00ae<\/sup>&nbsp;funktioniert mit der&nbsp;<\/span><\/p>\n<h5 style=\"text-align: center;\"><span style=\"color: #000000;\">GEMARA\u00aehealth-App <br><\/span><\/h5>\n<p><span style=\"color: #000000;\">die&nbsp;<strong>kostenfrei f\u00fcr alle Android- und iOS<\/strong>-Smartphones verf\u00fcgbar ist.<\/span><\/p>\n<p><span style=\"color: #000000;\">Hier k\u00f6nnen Sie <strong>die App direkt herunterladen<\/strong> &#8211; und am besten gleich auf einem der vielen hundert Kraft-Wege testen, die es inzwischen schon gibt:<br><\/span><\/p>\n<h5 style=\"text-align: center;\"><span style=\"color: #000000;\"><strong>GE<\/strong>H <strong>MA<\/strong>L <strong>RA<\/strong>US!<\/span><\/h5>\n<table style=\"border-style: hidden;\">\n<tbody>\n<tr>\n<td style=\"border-style: hidden;\"><a href=\"https:\/\/play.google.com\/store\/apps\/details?id=com.gemara.app\" target=\"_blank\" rel=\"noopener\"><img loading=\"lazy\" decoding=\"async\" class=\"size-full wp-image-3506 aligncenter\" src=\"https:\/\/www.hahnzog.de\/organisationsberatung\/wp-content\/uploads\/2022\/08\/Icon_Play-Store.png\" alt=\"\" width=\"299\" height=\"168\" srcset=\"https:\/\/www.hahnzog.de\/organisationsberatung\/wp-content\/uploads\/2022\/08\/Icon_Play-Store.png 299w, https:\/\/www.hahnzog.de\/organisationsberatung\/wp-content\/uploads\/2022\/08\/Icon_Play-Store-150x84.png 150w\" sizes=\"auto, (max-width: 299px) 100vw, 299px\" \/><\/a><\/td>\n<td style=\"border-style: hidden;\"><a href=\"https:\/\/apps.apple.com\/at\/app\/gemara-health\/id1618196560\" target=\"_blank\" rel=\"noopener\"><img loading=\"lazy\" decoding=\"async\" class=\"size-full wp-image-3507 aligncenter\" src=\"https:\/\/www.hahnzog.de\/organisationsberatung\/wp-content\/uploads\/2022\/08\/Icon_App-Store.png\" alt=\"\" width=\"299\" height=\"168\" srcset=\"https:\/\/www.hahnzog.de\/organisationsberatung\/wp-content\/uploads\/2022\/08\/Icon_App-Store.png 299w, https:\/\/www.hahnzog.de\/organisationsberatung\/wp-content\/uploads\/2022\/08\/Icon_App-Store-150x84.png 150w\" sizes=\"auto, (max-width: 299px) 100vw, 299px\" \/><\/a><\/td>\n<\/tr>\n<\/tbody>\n<\/table>\n\n<p><span style=\"color: #000000;\">Die GEMARA<sup>\u00ae<\/sup>health-App ist die L\u00f6sung f\u00fcr eine <strong>wirksame Ma\u00dfnahme zur Betrieblichen Gesundheitsf\u00f6rderung. <\/strong><\/span><\/p>\n<p><span style=\"color: #000000;\">Die Einrichtung eines Kraft-Weges ist <strong>ganz einfach<\/strong> und wir unterst\u00fctzen Sie und Ihr Unternehmen bei jedem Schritt.<\/span><\/p>\n<p><span style=\"color: #000000;\">Auf <strong><a href=\"https:\/\/gemara-health.com\/\" target=\"_blank\" rel=\"noopener\">www.gemara-health.com<\/a><\/strong> erfahren Sie mehr &#8211; wir freuen uns schon auf den Kontakt:<\/span><a href=\"https:\/\/gemara-health.com\/\" target=\"_blank\" rel=\"noopener\"><img loading=\"lazy\" decoding=\"async\" class=\"size-medium wp-image-3301 aligncenter\" src=\"https:\/\/www.hahnzog.de\/organisationsberatung\/wp-content\/uploads\/2022\/01\/gemara_wort-bildmarke-schrift-unten-gradient-244x300.png\" alt=\"\" width=\"244\" height=\"300\" srcset=\"https:\/\/www.hahnzog.de\/organisationsberatung\/wp-content\/uploads\/2022\/01\/gemara_wort-bildmarke-schrift-unten-gradient-244x300.png 244w, https:\/\/www.hahnzog.de\/organisationsberatung\/wp-content\/uploads\/2022\/01\/gemara_wort-bildmarke-schrift-unten-gradient-624x768.png 624w, https:\/\/www.hahnzog.de\/organisationsberatung\/wp-content\/uploads\/2022\/01\/gemara_wort-bildmarke-schrift-unten-gradient-81x100.png 81w, https:\/\/www.hahnzog.de\/organisationsberatung\/wp-content\/uploads\/2022\/01\/gemara_wort-bildmarke-schrift-unten-gradient.png 650w\" sizes=\"auto, (max-width: 244px) 100vw, 244px\" \/><\/a><\/p>\n<p>&nbsp;<\/p>\n<p>.<\/p>","protected":false},"excerpt":{"rendered":"<p>&nbsp; In unseren Beratungsprozessen zum Betrieblichen Gesundheitsmanagement (BGM) sagen uns Menschen aus unterschiedlichsten Unternehmen seit Jahren immer wieder, dass sie gerne mehr f\u00fcr ihre Gesundheit machen w\u00fcrden. Auf die Frage, warum sie es denn nicht tun, h\u00f6ren wir meistens S\u00e4tze<\/p>\n","protected":false},"author":1,"featured_media":0,"parent":0,"menu_order":0,"comment_status":"closed","ping_status":"closed","template":"","meta":{"footnotes":""},"class_list":["post-3360","page","type-page","status-publish","hentry"],"yoast_head":"<!-- This site is optimized with the Yoast SEO plugin v27.5 - https:\/\/yoast.com\/product\/yoast-seo-wordpress\/ -->\n<title>GEMARA\u00ae der digitale Trimm-Dich-Pfad - hahnzog - organisationsberatung<\/title>\n<meta name=\"robots\" content=\"index, follow, max-snippet:-1, max-image-preview:large, max-video-preview:-1\" \/>\n<link rel=\"canonical\" href=\"https:\/\/www.hahnzog.de\/organisationsberatung\/gemara\" \/>\n<meta property=\"og:locale\" content=\"de_DE\" \/>\n<meta property=\"og:type\" content=\"article\" \/>\n<meta property=\"og:title\" content=\"GEMARA\u00ae der digitale Trimm-Dich-Pfad - hahnzog - organisationsberatung\" \/>\n<meta property=\"og:description\" content=\"&nbsp; In unseren Beratungsprozessen zum Betrieblichen Gesundheitsmanagement (BGM) sagen uns Menschen aus unterschiedlichsten Unternehmen seit Jahren immer wieder, dass sie gerne mehr f\u00fcr ihre Gesundheit machen w\u00fcrden. Auf die Frage, warum sie es denn nicht tun, h\u00f6ren wir meistens S\u00e4tze\" \/>\n<meta property=\"og:url\" content=\"https:\/\/www.hahnzog.de\/organisationsberatung\/gemara\" \/>\n<meta property=\"og:site_name\" content=\"hahnzog - organisationsberatung\" \/>\n<meta property=\"article:modified_time\" content=\"2022-08-03T09:39:23+00:00\" \/>\n<meta property=\"og:image\" content=\"https:\/\/www.hahnzog.de\/organisationsberatung\/wp-content\/uploads\/2022\/01\/gemara_logoclaim_gradient-400x143.png\" \/>\n<meta name=\"twitter:card\" content=\"summary_large_image\" \/>\n<meta name=\"twitter:label1\" content=\"Gesch\u00e4tzte Lesezeit\" \/>\n\t<meta name=\"twitter:data1\" content=\"4\u00a0Minuten\" \/>\n<script type=\"application\/ld+json\" class=\"yoast-schema-graph\">{\"@context\":\"https:\\\/\\\/schema.org\",\"@graph\":[{\"@type\":\"WebPage\",\"@id\":\"https:\\\/\\\/www.hahnzog.de\\\/organisationsberatung\\\/gemara\",\"url\":\"https:\\\/\\\/www.hahnzog.de\\\/organisationsberatung\\\/gemara\",\"name\":\"GEMARA\u00ae der digitale Trimm-Dich-Pfad - hahnzog - organisationsberatung\",\"isPartOf\":{\"@id\":\"https:\\\/\\\/www.hahnzog.de\\\/organisationsberatung\\\/#website\"},\"primaryImageOfPage\":{\"@id\":\"https:\\\/\\\/www.hahnzog.de\\\/organisationsberatung\\\/gemara#primaryimage\"},\"image\":{\"@id\":\"https:\\\/\\\/www.hahnzog.de\\\/organisationsberatung\\\/gemara#primaryimage\"},\"thumbnailUrl\":\"https:\\\/\\\/www.hahnzog.de\\\/organisationsberatung\\\/wp-content\\\/uploads\\\/2022\\\/01\\\/gemara_logoclaim_gradient-400x143.png\",\"datePublished\":\"2022-01-26T09:14:07+00:00\",\"dateModified\":\"2022-08-03T09:39:23+00:00\",\"breadcrumb\":{\"@id\":\"https:\\\/\\\/www.hahnzog.de\\\/organisationsberatung\\\/gemara#breadcrumb\"},\"inLanguage\":\"de\",\"potentialAction\":[{\"@type\":\"ReadAction\",\"target\":[\"https:\\\/\\\/www.hahnzog.de\\\/organisationsberatung\\\/gemara\"]}]},{\"@type\":\"ImageObject\",\"inLanguage\":\"de\",\"@id\":\"https:\\\/\\\/www.hahnzog.de\\\/organisationsberatung\\\/gemara#primaryimage\",\"url\":\"https:\\\/\\\/www.hahnzog.de\\\/organisationsberatung\\\/wp-content\\\/uploads\\\/2022\\\/01\\\/gemara_logoclaim_gradient.png\",\"contentUrl\":\"https:\\\/\\\/www.hahnzog.de\\\/organisationsberatung\\\/wp-content\\\/uploads\\\/2022\\\/01\\\/gemara_logoclaim_gradient.png\",\"width\":1400,\"height\":500},{\"@type\":\"BreadcrumbList\",\"@id\":\"https:\\\/\\\/www.hahnzog.de\\\/organisationsberatung\\\/gemara#breadcrumb\",\"itemListElement\":[{\"@type\":\"ListItem\",\"position\":1,\"name\":\"Startseite\",\"item\":\"https:\\\/\\\/www.hahnzog.de\\\/organisationsberatung\\\/\"},{\"@type\":\"ListItem\",\"position\":2,\"name\":\"GEMARA\u00ae der digitale Trimm-Dich-Pfad\"}]},{\"@type\":\"WebSite\",\"@id\":\"https:\\\/\\\/www.hahnzog.de\\\/organisationsberatung\\\/#website\",\"url\":\"https:\\\/\\\/www.hahnzog.de\\\/organisationsberatung\\\/\",\"name\":\"hahnzog - organisationsberatung\",\"description\":\"Gesunde Unternehmen gestalten\",\"publisher\":{\"@id\":\"https:\\\/\\\/www.hahnzog.de\\\/organisationsberatung\\\/#organization\"},\"potentialAction\":[{\"@type\":\"SearchAction\",\"target\":{\"@type\":\"EntryPoint\",\"urlTemplate\":\"https:\\\/\\\/www.hahnzog.de\\\/organisationsberatung\\\/?s={search_term_string}\"},\"query-input\":{\"@type\":\"PropertyValueSpecification\",\"valueRequired\":true,\"valueName\":\"search_term_string\"}}],\"inLanguage\":\"de\"},{\"@type\":\"Organization\",\"@id\":\"https:\\\/\\\/www.hahnzog.de\\\/organisationsberatung\\\/#organization\",\"name\":\"hahnzog Organisationsberatung\",\"url\":\"https:\\\/\\\/www.hahnzog.de\\\/organisationsberatung\\\/\",\"logo\":{\"@type\":\"ImageObject\",\"inLanguage\":\"de\",\"@id\":\"https:\\\/\\\/www.hahnzog.de\\\/organisationsberatung\\\/#\\\/schema\\\/logo\\\/image\\\/\",\"url\":\"https:\\\/\\\/www.hahnzog.de\\\/organisationsberatung\\\/wp-content\\\/uploads\\\/2017\\\/07\\\/Logo_Hahnzog.png\",\"contentUrl\":\"https:\\\/\\\/www.hahnzog.de\\\/organisationsberatung\\\/wp-content\\\/uploads\\\/2017\\\/07\\\/Logo_Hahnzog.png\",\"width\":286,\"height\":98,\"caption\":\"hahnzog Organisationsberatung\"},\"image\":{\"@id\":\"https:\\\/\\\/www.hahnzog.de\\\/organisationsberatung\\\/#\\\/schema\\\/logo\\\/image\\\/\"}}]}<\/script>\n<!-- \/ Yoast SEO plugin. -->","yoast_head_json":{"title":"GEMARA\u00ae der digitale Trimm-Dich-Pfad - hahnzog - organisationsberatung","robots":{"index":"index","follow":"follow","max-snippet":"max-snippet:-1","max-image-preview":"max-image-preview:large","max-video-preview":"max-video-preview:-1"},"canonical":"https:\/\/www.hahnzog.de\/organisationsberatung\/gemara","og_locale":"de_DE","og_type":"article","og_title":"GEMARA\u00ae der digitale Trimm-Dich-Pfad - hahnzog - organisationsberatung","og_description":"&nbsp; In unseren Beratungsprozessen zum Betrieblichen Gesundheitsmanagement (BGM) sagen uns Menschen aus unterschiedlichsten Unternehmen seit Jahren immer wieder, dass sie gerne mehr f\u00fcr ihre Gesundheit machen w\u00fcrden. Auf die Frage, warum sie es denn nicht tun, h\u00f6ren wir meistens S\u00e4tze","og_url":"https:\/\/www.hahnzog.de\/organisationsberatung\/gemara","og_site_name":"hahnzog - organisationsberatung","article_modified_time":"2022-08-03T09:39:23+00:00","og_image":[{"url":"https:\/\/www.hahnzog.de\/organisationsberatung\/wp-content\/uploads\/2022\/01\/gemara_logoclaim_gradient-400x143.png","type":"","width":"","height":""}],"twitter_card":"summary_large_image","twitter_misc":{"Gesch\u00e4tzte Lesezeit":"4\u00a0Minuten"},"schema":{"@context":"https:\/\/schema.org","@graph":[{"@type":"WebPage","@id":"https:\/\/www.hahnzog.de\/organisationsberatung\/gemara","url":"https:\/\/www.hahnzog.de\/organisationsberatung\/gemara","name":"GEMARA\u00ae der digitale Trimm-Dich-Pfad - hahnzog - organisationsberatung","isPartOf":{"@id":"https:\/\/www.hahnzog.de\/organisationsberatung\/#website"},"primaryImageOfPage":{"@id":"https:\/\/www.hahnzog.de\/organisationsberatung\/gemara#primaryimage"},"image":{"@id":"https:\/\/www.hahnzog.de\/organisationsberatung\/gemara#primaryimage"},"thumbnailUrl":"https:\/\/www.hahnzog.de\/organisationsberatung\/wp-content\/uploads\/2022\/01\/gemara_logoclaim_gradient-400x143.png","datePublished":"2022-01-26T09:14:07+00:00","dateModified":"2022-08-03T09:39:23+00:00","breadcrumb":{"@id":"https:\/\/www.hahnzog.de\/organisationsberatung\/gemara#breadcrumb"},"inLanguage":"de","potentialAction":[{"@type":"ReadAction","target":["https:\/\/www.hahnzog.de\/organisationsberatung\/gemara"]}]},{"@type":"ImageObject","inLanguage":"de","@id":"https:\/\/www.hahnzog.de\/organisationsberatung\/gemara#primaryimage","url":"https:\/\/www.hahnzog.de\/organisationsberatung\/wp-content\/uploads\/2022\/01\/gemara_logoclaim_gradient.png","contentUrl":"https:\/\/www.hahnzog.de\/organisationsberatung\/wp-content\/uploads\/2022\/01\/gemara_logoclaim_gradient.png","width":1400,"height":500},{"@type":"BreadcrumbList","@id":"https:\/\/www.hahnzog.de\/organisationsberatung\/gemara#breadcrumb","itemListElement":[{"@type":"ListItem","position":1,"name":"Startseite","item":"https:\/\/www.hahnzog.de\/organisationsberatung\/"},{"@type":"ListItem","position":2,"name":"GEMARA\u00ae der digitale Trimm-Dich-Pfad"}]},{"@type":"WebSite","@id":"https:\/\/www.hahnzog.de\/organisationsberatung\/#website","url":"https:\/\/www.hahnzog.de\/organisationsberatung\/","name":"hahnzog - organisationsberatung","description":"Gesunde Unternehmen gestalten","publisher":{"@id":"https:\/\/www.hahnzog.de\/organisationsberatung\/#organization"},"potentialAction":[{"@type":"SearchAction","target":{"@type":"EntryPoint","urlTemplate":"https:\/\/www.hahnzog.de\/organisationsberatung\/?s={search_term_string}"},"query-input":{"@type":"PropertyValueSpecification","valueRequired":true,"valueName":"search_term_string"}}],"inLanguage":"de"},{"@type":"Organization","@id":"https:\/\/www.hahnzog.de\/organisationsberatung\/#organization","name":"hahnzog Organisationsberatung","url":"https:\/\/www.hahnzog.de\/organisationsberatung\/","logo":{"@type":"ImageObject","inLanguage":"de","@id":"https:\/\/www.hahnzog.de\/organisationsberatung\/#\/schema\/logo\/image\/","url":"https:\/\/www.hahnzog.de\/organisationsberatung\/wp-content\/uploads\/2017\/07\/Logo_Hahnzog.png","contentUrl":"https:\/\/www.hahnzog.de\/organisationsberatung\/wp-content\/uploads\/2017\/07\/Logo_Hahnzog.png","width":286,"height":98,"caption":"hahnzog Organisationsberatung"},"image":{"@id":"https:\/\/www.hahnzog.de\/organisationsberatung\/#\/schema\/logo\/image\/"}}]}},"_links":{"self":[{"href":"https:\/\/www.hahnzog.de\/organisationsberatung\/wp-json\/wp\/v2\/pages\/3360","targetHints":{"allow":["GET"]}}],"collection":[{"href":"https:\/\/www.hahnzog.de\/organisationsberatung\/wp-json\/wp\/v2\/pages"}],"about":[{"href":"https:\/\/www.hahnzog.de\/organisationsberatung\/wp-json\/wp\/v2\/types\/page"}],"author":[{"embeddable":true,"href":"https:\/\/www.hahnzog.de\/organisationsberatung\/wp-json\/wp\/v2\/users\/1"}],"replies":[{"embeddable":true,"href":"https:\/\/www.hahnzog.de\/organisationsberatung\/wp-json\/wp\/v2\/comments?post=3360"}],"version-history":[{"count":11,"href":"https:\/\/www.hahnzog.de\/organisationsberatung\/wp-json\/wp\/v2\/pages\/3360\/revisions"}],"predecessor-version":[{"id":3510,"href":"https:\/\/www.hahnzog.de\/organisationsberatung\/wp-json\/wp\/v2\/pages\/3360\/revisions\/3510"}],"wp:attachment":[{"href":"https:\/\/www.hahnzog.de\/organisationsberatung\/wp-json\/wp\/v2\/media?parent=3360"}],"curies":[{"name":"wp","href":"https:\/\/api.w.org\/{rel}","templated":true}]}}