{"id":34,"date":"2011-05-10T10:20:17","date_gmt":"2011-05-10T10:20:17","guid":{"rendered":"http:\/\/www.hahnzog.de\/organisationsberatung\/?page_id=34"},"modified":"2018-09-02T20:50:15","modified_gmt":"2018-09-02T18:50:15","slug":"literatur","status":"publish","type":"page","link":"https:\/\/www.hahnzog.de\/organisationsberatung\/literatur","title":{"rendered":"Literatur"},"content":{"rendered":"<p>Unsere\u00a0 Literaturliste zeigt eine (keineswegs ersch\u00f6pfende) Auswahl empfehlenswerter B\u00fccher und Artikel aus dem Leistungsspektrum der <strong>hahnzog &#8211; organisationsberatung<\/strong>.<\/p>\n<p>Sie finden in den Empfehlungen sowohl <a title=\"Eigene Publikationen\" href=\"http:\/\/www.hahnzog.de\/organisationsberatung\/literatur\/eigene-publikationen\">Publikationen von Dr. Simon Hahnzog<\/a> als auch von <a title=\"Andere Autoren\" href=\"http:\/\/www.hahnzog.de\/organisationsberatung\/literatur\/andere-autoren\">anderen Autoren<\/a>.<\/p>\n<p>F\u00fcr einen raschen Einblick, finden Sie zu den einzelnen Titeln kurze Kommentare oder Abstracts, die unseren Eindruck der Inhalte widerspiegeln. Hierzu einfach auf den jeweiligen Buchtitel klicken &#8211; Viel Spa\u00df beim Lesen und Vertiefen!<\/p>\n<p>&nbsp;<\/p>\n<p>Unsere Literaturempfehlungen werden best\u00e4ndig erg\u00e4nzt und erweitert, daher freuen wir uns \u00fcber Literaturtipps von Ihnen. Gerne geben wir Ihnen auch individuelle Empfehlungen zu Ihrem Thema &#8211; wir freuen uns auf Ihren <a title=\"Kontakt\" href=\"http:\/\/www.hahnzog.de\/organisationsberatung\/kontakt\">Kontakt<\/a>.<\/p>\n<div id=\"_mcePaste\" class=\"mcePaste\" style=\"position: absolute; left: -10000px; top: 189px; width: 1px; height: 1px; overflow: hidden;\">\n<p>F\u00fcr einen raschen Einblick, finden Sie zu den einzelnen Titeln kurze Kommentare oder Abstracts, die unseren Eindruck der Inhalte widerspiegeln. Hierzu einfach auf den jeweiligen Buchtitel klicken &#8211; Viel Spa\u00df beim Lesen und Vertiefen!<\/p>\n<p>&nbsp;<\/p>\n<ul>\n<li>Antons, K. (2011). <a title=\"Antons: Praxis der Gruppendynamik: \u00dcbungen und Techniken\" href=\"http:\/\/www.hahnzog.de\/systemische_therapie\/antons-praxis-der-gruppendynamik-ubungen-und-techniken\"><em>Praxis der Gruppendynamik: \u00dcbungen und Techniken<\/em><\/a>. G\u00f6ttingen: Hogrefe.<\/li>\n<\/ul>\n<ul>\n<li>Dilling, H. et al. (Hrsg.)(2009). <a title=\"Dilling: ICD-10 Klinisch-Diagnostische Leitlinien\" href=\"http:\/\/www.hahnzog.de\/systemische_therapie\/dilling-icd-10-klinisch-diagnostische-leitlinien\"><em>Internationale Klassifikation psychischer St\u00f6rungen &#8211; ICD-10 Kap. V &#8211; klinisch-diagnostische Leitlinien<\/em><\/a>. Bern: Huber.<\/li>\n<\/ul>\n<ul>\n<li>Doering, S. &amp; M\u00f6ller, H. (2008). <a title=\"Doering &amp; M\u00f6ller: Frankenstein und Belle de Jour \u2013 30 Filmcharaktere und ihre psychischen St\u00f6rungen\" href=\"http:\/\/www.hahnzog.de\/systemische_therapie\/doering-moller-frankenstein-und-belle-de-jour-30-filmcharaktere-und-ihre-psychischen-storungen\"><em>Frankenstein und Belle de Jour &#8211; 30 Filmcharaktere und ihre psychischen St\u00f6rungen<\/em><\/a>. Heidelberg: Springer.<\/li>\n<\/ul>\n<ul>\n<li>Fischer-Epe, M. (2011). <a title=\"Fischer-Epe: Coaching \u2013 Miteinander Ziele erreichen.\" href=\"http:\/\/www.hahnzog.de\/systemische_therapie\/fischer-epe-coaching-miteinander-ziele-erreichen\"><em>Coaching: Miteinander Ziele erreichen<\/em><\/a>. Hamburg: rororo.<\/li>\n<\/ul>\n<ul>\n<li>Freud, S. (1991). <a title=\"Freud: Die Traumdeutung\" href=\"http:\/\/www.hahnzog.de\/systemische_therapie\/freud-die-traumdeutung\"><em>Die Traumdeutung<\/em><\/a>. Frankfurt: Fischer.<\/li>\n<\/ul>\n<ul>\n<li>Gerrig, R.J. &amp; Zimbardo, P.G. (2008). <a title=\"Zimbardo &amp; Gerrig: Psychologie\" href=\"http:\/\/www.hahnzog.de\/systemische_therapie\/zimbardo-gerrig-psychologie\"><em>Psychologie<\/em><\/a>. M\u00fcnchen: Pearson.<\/li>\n<\/ul>\n<ul>\n<li>Goffman, E. (2003). <a title=\"Goffman: Wir alle spielen Theater\" href=\"http:\/\/www.hahnzog.de\/systemische_therapie\/goffman-wir-alle-spielen-theater\"><em>Wir alle spielen Theater. Die Selbstdarstellung im Alltag<\/em><\/a>. M\u00fcnchen: Piper.<\/li>\n<\/ul>\n<ul>\n<li>Gordon, T. (1977). <a title=\"Gordon: Lehrer-Sch\u00fcler-Konferenz\" href=\"http:\/\/www.hahnzog.de\/systemische_therapie\/gordon-lehrer-schuler-konferenz\"><em>Lehrer-Sch\u00fcler-Konferenz<\/em><\/a>.M\u00fcnchen: Heyne.<\/li>\n<\/ul>\n<ul>\n<li>Hagemann, W. (2003). <a title=\"Hagemann: Burnout bei Lehrern\" href=\"http:\/\/www.hahnzog.de\/systemische_therapie\/hagemann-burn-out-bei-lehrern\"><em>Burnout bei Lehrern<\/em><\/a>.M\u00fcnchen: C.H. Beck.<\/li>\n<\/ul>\n<ul>\n<li>Hargens, J. (2005). <a title=\"Hargens: Systemische Therapie \u2026 und gut. Ein Lehrst\u00fcck mit H\u00e4gar\" href=\"http:\/\/www.hahnzog.de\/systemische_therapie\/hargens-systemische-therapie-%e2%80%a6-und-gut-ein-lehrstuck-mit-hagar\"><em>Systemische Therapie \u2026 und gut. Ein Lehrst\u00fcck mit H\u00e4gar<\/em><\/a>.Dortmund: Verlag modernes Lernen.<\/li>\n<\/ul>\n<ul>\n<li>Hillert, A. &amp; Schmitz, E. (Hrsg.) (2004). <a title=\"Hillert &amp; Schmitz: Psychosomatische Erkrankungen bei Lehrerinnen und Lehrern\" href=\"http:\/\/www.hahnzog.de\/systemische_therapie\/hillert-schmitz-psychosomatische-erkrankungen-bei-lehrerinnen-und-lehrern\"><em>Psychosomatische Erkrankungen bei Lehrerinnen und Lehrern<\/em>.<\/a>Stuttgart: Schattauer.<\/li>\n<\/ul>\n<ul>\n<li>Kachler, R. (2005). <a title=\"Kachler: Traummord \u2013 Ein Fall f\u00fcr Freud, Jung und Milton Erickson\" href=\"http:\/\/www.hahnzog.de\/systemische_therapie\/kachler-traummord-%e2%80%93-ein-fall-fur-freud-jung-und-milton-erickson\"><em>Traummord \u2013 Ein Fall f\u00fcr Freud, Jung und Milton Erickson<\/em><\/a>.Heidelberg: Carl-Auer.<\/li>\n<\/ul>\n<ul>\n<li>K\u00f6hler, T. (1998). <a title=\"K\u00f6hler: Psychische St\u00f6rungen\" href=\"http:\/\/www.hahnzog.de\/systemische_therapie\/kohler-psychische-storungen\"><em>Psychische St\u00f6rungen<\/em><\/a>.Stuttgart: Kohlhammer.<\/li>\n<\/ul>\n<ul>\n<li>Kretschmann, R. (2001). <a title=\"Kretschmann: Stressmanagement f\u00fcr Lehrerinnen und Lehrer\" href=\"http:\/\/www.hahnzog.de\/systemische_therapie\/kretschmann-stressmanagement-fur-lehrerinnen-und-lehrer\"><em>Stressmanagement f\u00fcr Lehrerinnen und Lehrer<\/em><\/a>.Weinheim: Beltz.<\/li>\n<\/ul>\n<ul>\n<li>Kriz, J. (2007). <a title=\"Kriz: Grundkonzepte der Psychotherapie\" href=\"http:\/\/www.hahnzog.de\/systemische_therapie\/kriz-grundkonzepte-der-psychotherapie\"><em>Grundkonzepte der Psychotherapie<\/em><\/a>.Weinheim: Beltz.<\/li>\n<\/ul>\n<ul>\n<li>Lelord, F. (2007). <a title=\"Lelord: Hectors Reise oder die Suche nach dem Gl\u00fcck\" href=\"http:\/\/www.hahnzog.de\/systemische_therapie\/maschwitz-von-phanasiereise-bis-korperarbeit\"><em>Hectors Reise oder die Suche nach dem Gl\u00fcck<\/em><\/a>.M\u00fcnchen: Piper.<\/li>\n<\/ul>\n<ul>\n<li>M\u00f6ller, H.-J., Laux, G &amp; Deister, A. (2009). <a title=\"M\u00f6ller, Laux &amp; Deister: Psychiatrie und Psychotherapie\" href=\"http:\/\/www.hahnzog.de\/systemische_therapie\/moller-laux-deister-psychiatrie-und-psychotherapie\"><em>Psychiatrie und Psychotherapie<\/em><\/a>. Stuttgart: Thieme.<\/li>\n<\/ul>\n<ul>\n<li>Moreno, J. (2007). <a title=\"Moreno: Gruppenpsychotherapie und Psychodrama\" href=\"http:\/\/www.hahnzog.de\/systemische_therapie\/moreno-gruppenpsychotherapie-und-psychodrama\"><em>Gruppenpsychotherapie und Psychodrama<\/em><\/a>.Stuttgart: Thieme.<\/li>\n<\/ul>\n<ul>\n<li>M\u00fcller, E. (2003). <a title=\"M\u00fcller: Du sp\u00fcrst unter Deinen F\u00fc\u00dfen das Gras\" href=\"http:\/\/www.hahnzog.de\/systemische_therapie\/muller-du-spurst-unter-deinen-fusen-das-gras\"><em>Du sp\u00fcrst unter Deinen F\u00fc\u00dfen das Gras<\/em><\/a>.Frankfurt: Fischer.<\/li>\n<\/ul>\n<ul>\n<li>Nardone, G. (2003). <a title=\"Nardone: Systemische Kurztherapie bei Zw\u00e4ngen und Phobien\" href=\"http:\/\/www.hahnzog.de\/systemische_therapie\/nardone-systemische-kurztherapie-bei-zwangen-und-phobien\"><em>Systemische Kurztherapie bei Zw\u00e4ngen und Phobien<\/em><\/a>.Bern: Hans Huber.<\/li>\n<\/ul>\n<ul>\n<li>Peseschkian, N. (2003). <a title=\"Peseschkian: Der Kaufmann und der Papagei\" href=\"http:\/\/www.hahnzog.de\/systemische_therapie\/peseschkian-der-kaufmann-und-der-papagei\"><em>Der Kaufmann und der Papagei<\/em><\/a>.Frankfurt a.M.: Fischer.<\/li>\n<\/ul>\n<ul>\n<li>Philipp, E. &amp; Rolff, H.-G. (1999). <a title=\"Philipp &amp; Rolff: Schulprogramme und Leitbilder entwickeln\" href=\"http:\/\/www.hahnzog.de\/systemische_therapie\/philipp-rolff-schulprogramme-und-leitbilder-entwickeln\"><em>Schulprogramme und Leitbilder entwickeln<\/em><\/a>. Weinheim: Beltz.<\/li>\n<\/ul>\n<ul>\n<li>Prior, M. (2007). <a title=\"Prior: Mini-Max Interventionen\" href=\"http:\/\/www.hahnzog.de\/systemische_therapie\/prior-mini-max-interventionen\"><em>Mini-Max Interventionen<\/em><\/a>. Heidelberg: Carl-Auer.<\/li>\n<\/ul>\n<ul>\n<li>Satir, V. (2004). <a title=\"Satir: Kommunikation, Selbstwert, Kongruenz\" href=\"http:\/\/www.hahnzog.de\/systemische_therapie\/satir-kommunikation-selbstwert-kongruenz\"><em>Kommunikation, Selbstwert, Kongruenz<\/em><\/a>. Paderborn: Junfermann.<\/li>\n<\/ul>\n<ul>\n<li>Schlippe, A.v. &amp; Schweitzer J. (2003). <a title=\"Schlippe &amp; Schweitzer: Lehrbuch der systemischen Therapie und Beratung\" href=\"http:\/\/www.hahnzog.de\/systemische_therapie\/schlippe-schweitzer-lehrbuch-der-systemischen-therapie-und-beratung\"><em>Lehrbuch der systemischen Therapie und Beratung<\/em><\/a>. G\u00f6ttingen: Vandenhoek &amp; Rupprecht.<\/li>\n<\/ul>\n<ul>\n<li>Schlippe, A.v. &amp; Schweitzer, J. (2009). <a title=\"Schlippe &amp; Schweitzer: Lehrbuch der systemischen Therapie und Beratung 2\" href=\"http:\/\/www.hahnzog.de\/systemische_therapie\/schlippe-schweitzer-lehrbuch-der-systemischen-therapie-und-beratung-2\"><em>Lehrbuch der systemischen Therapie und Beratung 2<\/em><\/a>. G\u00f6ttingen: Vandenhoeck &amp; Ruprecht.<\/li>\n<\/ul>\n<ul>\n<li>Schulz v. Thun, F.\u00a0 (2011). <a title=\"Schulz von Thun: Miteinander Reden I-III\" href=\"http:\/\/www.hahnzog.de\/systemische_therapie\/schulz-von-thun-miteinander-reden-i-iii\"><em>Miteinander reden 1-3<\/em><\/a>. Hamburg: rororo.<\/li>\n<\/ul>\n<ul>\n<li>Watzlawick, P. (2009). <a title=\"Watzlawick: Anleitung zum Ungl\u00fccklichsein\" href=\"http:\/\/www.hahnzog.de\/systemische_therapie\/watzlawick-anleitung-zum-unglucklichsein\"><em>Anleitung zum Ungl\u00fccklichsein<\/em><\/a>. M\u00fcnchen: Piper.<\/li>\n<\/ul>\n<ul>\n<li>Weiss, T. (2008). <a title=\"Weiss: Familientherapie ohne Familie\" href=\"http:\/\/www.hahnzog.de\/systemische_therapie\/weiss-familientherapie-ohne-familie\"><em>Familientherapie ohne Familie<\/em><\/a>. M\u00fcnchen: K\u00f6sel.<\/li>\n<\/ul>\n<p>&nbsp;<\/p>\n<p>Unsere Literaturempfehlungen werden best\u00e4ndig erg\u00e4nzt und erweitert, daher freuen wir uns \u00fcber Literaturtipps von Ihnen. Gerne geben wir Ihnen auch individuelle Empfehlungen zu Ihrem Thema -wir freuen uns auf Ihren Kontakt.<\/p>\n<p>&nbsp;<\/p>\n<p><a href=\"#top\" rel=\"nofollow\">Nach oben<\/a><\/p>\n<\/div>\n","protected":false},"excerpt":{"rendered":"<p>Unsere\u00a0 Literaturliste zeigt eine (keineswegs ersch\u00f6pfende) Auswahl empfehlenswerter B\u00fccher und Artikel aus dem Leistungsspektrum der hahnzog &#8211; organisationsberatung. Sie finden in den Empfehlungen sowohl Publikationen von Dr. Simon Hahnzog als auch von anderen Autoren. F\u00fcr einen raschen Einblick, finden Sie<\/p>\n","protected":false},"author":1,"featured_media":0,"parent":0,"menu_order":4,"comment_status":"closed","ping_status":"closed","template":"","meta":{"footnotes":""},"class_list":["post-34","page","type-page","status-publish","hentry"],"yoast_head":"<!-- This site is optimized with the Yoast SEO plugin v27.4 - https:\/\/yoast.com\/product\/yoast-seo-wordpress\/ -->\n<title>Literatur - hahnzog - organisationsberatung<\/title>\n<meta name=\"robots\" content=\"index, follow, max-snippet:-1, max-image-preview:large, max-video-preview:-1\" \/>\n<link rel=\"canonical\" href=\"https:\/\/www.hahnzog.de\/organisationsberatung\/literatur\" \/>\n<meta property=\"og:locale\" content=\"de_DE\" \/>\n<meta property=\"og:type\" content=\"article\" \/>\n<meta property=\"og:title\" content=\"Literatur - hahnzog - organisationsberatung\" \/>\n<meta property=\"og:description\" content=\"Unsere\u00a0 Literaturliste zeigt eine (keineswegs ersch\u00f6pfende) Auswahl empfehlenswerter B\u00fccher und Artikel aus dem Leistungsspektrum der hahnzog &#8211; organisationsberatung. Sie finden in den Empfehlungen sowohl Publikationen von Dr. Simon Hahnzog als auch von anderen Autoren. F\u00fcr einen raschen Einblick, finden Sie\" \/>\n<meta property=\"og:url\" content=\"https:\/\/www.hahnzog.de\/organisationsberatung\/literatur\" \/>\n<meta property=\"og:site_name\" content=\"hahnzog - organisationsberatung\" \/>\n<meta property=\"article:modified_time\" content=\"2018-09-02T18:50:15+00:00\" \/>\n<meta name=\"twitter:card\" content=\"summary_large_image\" \/>\n<meta name=\"twitter:label1\" content=\"Gesch\u00e4tzte Lesezeit\" \/>\n\t<meta name=\"twitter:data1\" content=\"3\u00a0Minuten\" \/>\n<script type=\"application\/ld+json\" class=\"yoast-schema-graph\">{\"@context\":\"https:\\\/\\\/schema.org\",\"@graph\":[{\"@type\":\"WebPage\",\"@id\":\"https:\\\/\\\/www.hahnzog.de\\\/organisationsberatung\\\/literatur\",\"url\":\"https:\\\/\\\/www.hahnzog.de\\\/organisationsberatung\\\/literatur\",\"name\":\"Literatur - hahnzog - organisationsberatung\",\"isPartOf\":{\"@id\":\"https:\\\/\\\/www.hahnzog.de\\\/organisationsberatung\\\/#website\"},\"datePublished\":\"2011-05-10T10:20:17+00:00\",\"dateModified\":\"2018-09-02T18:50:15+00:00\",\"breadcrumb\":{\"@id\":\"https:\\\/\\\/www.hahnzog.de\\\/organisationsberatung\\\/literatur#breadcrumb\"},\"inLanguage\":\"de\",\"potentialAction\":[{\"@type\":\"ReadAction\",\"target\":[\"https:\\\/\\\/www.hahnzog.de\\\/organisationsberatung\\\/literatur\"]}]},{\"@type\":\"BreadcrumbList\",\"@id\":\"https:\\\/\\\/www.hahnzog.de\\\/organisationsberatung\\\/literatur#breadcrumb\",\"itemListElement\":[{\"@type\":\"ListItem\",\"position\":1,\"name\":\"Startseite\",\"item\":\"https:\\\/\\\/www.hahnzog.de\\\/organisationsberatung\\\/\"},{\"@type\":\"ListItem\",\"position\":2,\"name\":\"Literatur\"}]},{\"@type\":\"WebSite\",\"@id\":\"https:\\\/\\\/www.hahnzog.de\\\/organisationsberatung\\\/#website\",\"url\":\"https:\\\/\\\/www.hahnzog.de\\\/organisationsberatung\\\/\",\"name\":\"hahnzog - organisationsberatung\",\"description\":\"Gesunde Unternehmen gestalten\",\"publisher\":{\"@id\":\"https:\\\/\\\/www.hahnzog.de\\\/organisationsberatung\\\/#organization\"},\"potentialAction\":[{\"@type\":\"SearchAction\",\"target\":{\"@type\":\"EntryPoint\",\"urlTemplate\":\"https:\\\/\\\/www.hahnzog.de\\\/organisationsberatung\\\/?s={search_term_string}\"},\"query-input\":{\"@type\":\"PropertyValueSpecification\",\"valueRequired\":true,\"valueName\":\"search_term_string\"}}],\"inLanguage\":\"de\"},{\"@type\":\"Organization\",\"@id\":\"https:\\\/\\\/www.hahnzog.de\\\/organisationsberatung\\\/#organization\",\"name\":\"hahnzog Organisationsberatung\",\"url\":\"https:\\\/\\\/www.hahnzog.de\\\/organisationsberatung\\\/\",\"logo\":{\"@type\":\"ImageObject\",\"inLanguage\":\"de\",\"@id\":\"https:\\\/\\\/www.hahnzog.de\\\/organisationsberatung\\\/#\\\/schema\\\/logo\\\/image\\\/\",\"url\":\"https:\\\/\\\/www.hahnzog.de\\\/organisationsberatung\\\/wp-content\\\/uploads\\\/2017\\\/07\\\/Logo_Hahnzog.png\",\"contentUrl\":\"https:\\\/\\\/www.hahnzog.de\\\/organisationsberatung\\\/wp-content\\\/uploads\\\/2017\\\/07\\\/Logo_Hahnzog.png\",\"width\":286,\"height\":98,\"caption\":\"hahnzog Organisationsberatung\"},\"image\":{\"@id\":\"https:\\\/\\\/www.hahnzog.de\\\/organisationsberatung\\\/#\\\/schema\\\/logo\\\/image\\\/\"}}]}<\/script>\n<!-- \/ Yoast SEO plugin. -->","yoast_head_json":{"title":"Literatur - hahnzog - organisationsberatung","robots":{"index":"index","follow":"follow","max-snippet":"max-snippet:-1","max-image-preview":"max-image-preview:large","max-video-preview":"max-video-preview:-1"},"canonical":"https:\/\/www.hahnzog.de\/organisationsberatung\/literatur","og_locale":"de_DE","og_type":"article","og_title":"Literatur - hahnzog - organisationsberatung","og_description":"Unsere\u00a0 Literaturliste zeigt eine (keineswegs ersch\u00f6pfende) Auswahl empfehlenswerter B\u00fccher und Artikel aus dem Leistungsspektrum der hahnzog &#8211; organisationsberatung. Sie finden in den Empfehlungen sowohl Publikationen von Dr. Simon Hahnzog als auch von anderen Autoren. F\u00fcr einen raschen Einblick, finden Sie","og_url":"https:\/\/www.hahnzog.de\/organisationsberatung\/literatur","og_site_name":"hahnzog - organisationsberatung","article_modified_time":"2018-09-02T18:50:15+00:00","twitter_card":"summary_large_image","twitter_misc":{"Gesch\u00e4tzte Lesezeit":"3\u00a0Minuten"},"schema":{"@context":"https:\/\/schema.org","@graph":[{"@type":"WebPage","@id":"https:\/\/www.hahnzog.de\/organisationsberatung\/literatur","url":"https:\/\/www.hahnzog.de\/organisationsberatung\/literatur","name":"Literatur - hahnzog - organisationsberatung","isPartOf":{"@id":"https:\/\/www.hahnzog.de\/organisationsberatung\/#website"},"datePublished":"2011-05-10T10:20:17+00:00","dateModified":"2018-09-02T18:50:15+00:00","breadcrumb":{"@id":"https:\/\/www.hahnzog.de\/organisationsberatung\/literatur#breadcrumb"},"inLanguage":"de","potentialAction":[{"@type":"ReadAction","target":["https:\/\/www.hahnzog.de\/organisationsberatung\/literatur"]}]},{"@type":"BreadcrumbList","@id":"https:\/\/www.hahnzog.de\/organisationsberatung\/literatur#breadcrumb","itemListElement":[{"@type":"ListItem","position":1,"name":"Startseite","item":"https:\/\/www.hahnzog.de\/organisationsberatung\/"},{"@type":"ListItem","position":2,"name":"Literatur"}]},{"@type":"WebSite","@id":"https:\/\/www.hahnzog.de\/organisationsberatung\/#website","url":"https:\/\/www.hahnzog.de\/organisationsberatung\/","name":"hahnzog - organisationsberatung","description":"Gesunde Unternehmen gestalten","publisher":{"@id":"https:\/\/www.hahnzog.de\/organisationsberatung\/#organization"},"potentialAction":[{"@type":"SearchAction","target":{"@type":"EntryPoint","urlTemplate":"https:\/\/www.hahnzog.de\/organisationsberatung\/?s={search_term_string}"},"query-input":{"@type":"PropertyValueSpecification","valueRequired":true,"valueName":"search_term_string"}}],"inLanguage":"de"},{"@type":"Organization","@id":"https:\/\/www.hahnzog.de\/organisationsberatung\/#organization","name":"hahnzog Organisationsberatung","url":"https:\/\/www.hahnzog.de\/organisationsberatung\/","logo":{"@type":"ImageObject","inLanguage":"de","@id":"https:\/\/www.hahnzog.de\/organisationsberatung\/#\/schema\/logo\/image\/","url":"https:\/\/www.hahnzog.de\/organisationsberatung\/wp-content\/uploads\/2017\/07\/Logo_Hahnzog.png","contentUrl":"https:\/\/www.hahnzog.de\/organisationsberatung\/wp-content\/uploads\/2017\/07\/Logo_Hahnzog.png","width":286,"height":98,"caption":"hahnzog Organisationsberatung"},"image":{"@id":"https:\/\/www.hahnzog.de\/organisationsberatung\/#\/schema\/logo\/image\/"}}]}},"_links":{"self":[{"href":"https:\/\/www.hahnzog.de\/organisationsberatung\/wp-json\/wp\/v2\/pages\/34","targetHints":{"allow":["GET"]}}],"collection":[{"href":"https:\/\/www.hahnzog.de\/organisationsberatung\/wp-json\/wp\/v2\/pages"}],"about":[{"href":"https:\/\/www.hahnzog.de\/organisationsberatung\/wp-json\/wp\/v2\/types\/page"}],"author":[{"embeddable":true,"href":"https:\/\/www.hahnzog.de\/organisationsberatung\/wp-json\/wp\/v2\/users\/1"}],"replies":[{"embeddable":true,"href":"https:\/\/www.hahnzog.de\/organisationsberatung\/wp-json\/wp\/v2\/comments?post=34"}],"version-history":[{"count":29,"href":"https:\/\/www.hahnzog.de\/organisationsberatung\/wp-json\/wp\/v2\/pages\/34\/revisions"}],"predecessor-version":[{"id":3059,"href":"https:\/\/www.hahnzog.de\/organisationsberatung\/wp-json\/wp\/v2\/pages\/34\/revisions\/3059"}],"wp:attachment":[{"href":"https:\/\/www.hahnzog.de\/organisationsberatung\/wp-json\/wp\/v2\/media?parent=34"}],"curies":[{"name":"wp","href":"https:\/\/api.w.org\/{rel}","templated":true}]}}